{"id":29,"date":"2008-04-07T08:14:15","date_gmt":"2008-04-07T07:14:15","guid":{"rendered":"http:\/\/ops.wyszkow.pl\/?page_id=29"},"modified":"2014-09-09T09:38:19","modified_gmt":"2014-09-09T08:38:19","slug":"partnerzy-ops","status":"publish","type":"page","link":"https:\/\/ops.wyszkow.pl\/?page_id=29","title":{"rendered":"Partnerzy OPS"},"content":{"rendered":"<h2>\u00a0<strong>SPONSORZY:<\/strong><\/h2>\n<ul>\n<li>Danuta i Krzysztof Kowalewscy ul. Poniatowskiego 10 Rybienko Le\u015bne 07-201 Wyszk\u00f3w<\/li>\n<li>JBC COMINDEX Sp. z o.o. ul. Kukawska 8, 07-220 Kamie\u0144czyk<\/li>\n<li>Ma\u0142gorzata i Krzysztof Wi\u015bniewscy Auto-Komis MOTO-CAR ul. Serocka 7A, 07-200 Wyszk\u00f3w<\/li>\n<li>Colgate &#8211; Palmolive Sp. z o.o. ul. Hipolitowska 32 05-074 Halin\u00f3w<\/li>\n<li>?Mleks?PPH Jerzy Ksi\u0119\u017cak ul. Komunalna 4, 07-202 Wyszk\u00f3w<\/li>\n<li>Cadbury Wedel Sp. z o.o. ul. Zamoyskiego 28\/30 03-801 Warszawa<\/li>\n<li>H. I J.Wr\u00f3blewscy ul. Witosa 1, 07-200 Wyszk\u00f3w<\/li>\n<li>?PKS GABO? Bogdan Zacharski, ul. Witosa 6\/8, 07-200 Wyszk\u00f3w<\/li>\n<li>Przedsi\u0119biorstwo Energetyki Cieplnej ul. Przemys\u0142owa 2 07-202 Wyszk\u00f3w<\/li>\n<li>Jeronimo Martins Dystrybucja ul. Le\u015bna 33, 07-200 Wyszk\u00f3w<\/li>\n<li>Pastor Ko\u015bcio\u0142a Zielono\u015bwi\u0105tkowego Krzysztof Zar\u0119ba<\/li>\n<li>Pastor Ko\u015bcio\u0142a Zielono\u015bwi\u0105tkowego Krzysztof Adamkowski<\/li>\n<li>&#8220;KABACZEK&#8221; Firma Handlowa Janusz i Monika Makowscy ul. 11 Listopada 48F, 07-200 Wyszk\u00f3w<\/li>\n<li>Przedsi\u0119biorstwo Wodoci\u0105g\u00f3w i Kanalizacji ul. Komunalna 1, 07-202 Wyszk\u00f3w<\/li>\n<li>P.H.U. &#8220;Samat&#8221;, A. i M. Kukwa, ul. Pu\u0142tuska 116, 07-200 Wyszk\u00f3w<\/li>\n<li>&#8220;AGRO-FRUTT&#8221;, Hurtownia Spo\u017cywczo-Owocowo Warzywna, S\u0142awomir Kachel, ul. Pu\u0142tuska 116, 07-200 Wyszk\u00f3w<\/li>\n<li>P.H. &#8220;LEX&#8221;, Hurtownia, Dariusz Gruchalski, ul. \u017bytnia 1, 07-200 Wyszk\u00f3w<\/li>\n<li>Janusz Jastrz\u0119bski, PHUP ?MAJA?, ul. Centralna 10, 07-200 Wyszk\u00f3w<\/li>\n<li>Mariusz Grycz i Krzysztof Kmio\u0142ek, MK S. C., Wyszk\u00f3w ul. Ko\u015bciuszki 9<\/li>\n<\/ul>\n<h2><strong>PARTNERZY:<\/strong><\/h2>\n<ul>\n<li><span style=\"color: #000000;\">Bank Sp\u00f3\u0142dzielczy, ul.Ko\u015bciuszki 5, 07-200 Wyszk\u00f3w <\/span><\/li>\n<li><span style=\"color: #000000;\">DOCUMENTA (Hiszpania, Guarnizo)<\/span><\/li>\n<li><span style=\"color: #000000;\">Giresun Social Service Directorate, (Turkey, Giresun) <\/span><\/li>\n<li><span style=\"color: #000000;\">Lokalna prasa: ?Wyszkowiak? , ?G\u0142os Wyszkowa?, ?Nowy Wyszkowiak? <\/span><\/li>\n<li><span style=\"color: #000000;\">Mazowiecki Urz\u0105d Wojew\u00f3dzki &#8211; Wydzia\u0142 Spraw Spo\u0142ecznych ul.Czerniakowska 44, 00-717 Warszawa <\/span><\/li>\n<li><span style=\"color: #000000;\">Mazowieckie Centrum Polityki Spo\u0142ecznej, ul.Nowogrodzka 62A, 02-002 Warszawa <\/span><\/li>\n<li>Organizacje pozarz\u0105dowe z terenu gminy, powiatu i kraju m.in.:\n<ul>\n<li>Biuro Obs\u0142ugi Ruchu Inicjatyw Spo\u0142ecznych &#8211; BORIS, ul. Ogrodowa 50\/1, 00-876 Warszawa<\/li>\n<li>Centrum Wolontariatu ul.Nowolipie 9\/11 00-150 Warszawa<\/li>\n<li>Dzienne Centrum Aktywno\u015bci ul. Geodet\u00f3w 76, 07-200 Wyszk\u00f3w<\/li>\n<li>Fundacja ?IDZIK? w Wyszkowie ul.Bia\u0142ostocka 12<\/li>\n<li>Fundacja im.Stefana Batorego w Warszawie ul. Sapie\u017cy\u0144ska 10a, 00-215 Warszawa<\/li>\n<li>Fundacja Rozwoju Systemu Edukacji ? Narodowa Agencja Programu ?Uczenie si\u0119 przez ca\u0142e \u017cycie?<\/li>\n<li>NZOZ Monar, ul. 3 Maja 65, 07-200 Wyszk\u00f3w<\/li>\n<li>Stowarzyszeniem Pomocy Rodzinom w Wyszkowie ul. Sikorskiego<\/li>\n<li>Stowarzyszenie Rodzin Katolickich przy Parafii p.w. \u015aw. Idziego w Wyszkowie ul. Bia\u0142ostocka 12<\/li>\n<li>Stowarzyszenie ?Wa\u017cna R\u00f3\u017ca? ul. 1 Maja 13\/9<\/li>\n<li>Towarzystwo Opieki Nad Ociemnia\u0142ymi O\u015brodek Szkolno-Wychowawczy Dla Dzieci Niewidomych im.R\u00f3\u017cy Czackiej w LASKACH, 05-080 Izabelin k\/Warszawy<\/li>\n<li>Zarz\u0105d Rejonowy PCK, ul. 3 Maja 24, 07-200 Wyszk\u00f3w<\/li>\n<\/ul>\n<\/li>\n<li><span style=\"color: #000000;\">Powiatowe Centrum Pomocy Rodzinie, ul.I AWP 82a, 07-202 Wyszk\u00f3w <\/span><\/li>\n<li><span style=\"color: #000000;\">S\u0105d Rejonowy w Wyszkowie ? Wydzia\u0142 III Rodzinny i Nieletnich\u00a0<\/span><\/li>\n<li>Starostwo Powiatowe w Wyszkowie<\/li>\n<li>Komenda Powiatowa Pa\u0144stwowej Stra\u017cy Po\u017carnej w Wyszkowie<\/li>\n<li>Szko\u0142y podstawowe, gimnazja i szko\u0142y \u015brednie z terenu gminy Wyszk\u00f3w<\/li>\n<li>Urz\u0105d Miejski , ul. Al.R\u00f3\u017c 2, 07-200 Wyszk\u00f3w<\/li>\n<li>Zak\u0142ad Doskonalenia Zawodowego Centrum Kszta\u0142cenia w Wyszkowie<\/li>\n<\/ul>\n","protected":false},"excerpt":{"rendered":"<p>\u00a0SPONSORZY: Danuta i Krzysztof Kowalewscy ul. Poniatowskiego 10 Rybienko Le\u015bne 07-201 Wyszk\u00f3w JBC COMINDEX Sp. z o.o. ul. Kukawska 8, 07-220 Kamie\u0144czyk Ma\u0142gorzata i Krzysztof Wi\u015bniewscy Auto-Komis MOTO-CAR ul. Serocka 7A, 07-200 Wyszk\u00f3w Colgate &#8211; Palmolive Sp. z o.o. ul. Hipolitowska 32 05-074 Halin\u00f3w ?Mleks?PPH Jerzy Ksi\u0119\u017cak ul. Komunalna 4, 07-202 Wyszk\u00f3w Cadbury Wedel Sp. &hellip; <a href=\"https:\/\/ops.wyszkow.pl\/?page_id=29\" class=\"more-link\">Continue reading <span class=\"screen-reader-text\">Partnerzy OPS<\/span> <span class=\"meta-nav\">&rarr;<\/span><\/a><\/p>\n","protected":false},"author":1,"featured_media":0,"parent":0,"menu_order":0,"comment_status":"closed","ping_status":"open","template":"","meta":{"ngg_post_thumbnail":0,"footnotes":""},"class_list":["post-29","page","type-page","status-publish","hentry"],"_links":{"self":[{"href":"https:\/\/ops.wyszkow.pl\/index.php?rest_route=\/wp\/v2\/pages\/29","targetHints":{"allow":["GET"]}}],"collection":[{"href":"https:\/\/ops.wyszkow.pl\/index.php?rest_route=\/wp\/v2\/pages"}],"about":[{"href":"https:\/\/ops.wyszkow.pl\/index.php?rest_route=\/wp\/v2\/types\/page"}],"author":[{"embeddable":true,"href":"https:\/\/ops.wyszkow.pl\/index.php?rest_route=\/wp\/v2\/users\/1"}],"replies":[{"embeddable":true,"href":"https:\/\/ops.wyszkow.pl\/index.php?rest_route=%2Fwp%2Fv2%2Fcomments&post=29"}],"version-history":[{"count":4,"href":"https:\/\/ops.wyszkow.pl\/index.php?rest_route=\/wp\/v2\/pages\/29\/revisions"}],"predecessor-version":[{"id":2246,"href":"https:\/\/ops.wyszkow.pl\/index.php?rest_route=\/wp\/v2\/pages\/29\/revisions\/2246"}],"wp:attachment":[{"href":"https:\/\/ops.wyszkow.pl\/index.php?rest_route=%2Fwp%2Fv2%2Fmedia&parent=29"}],"curies":[{"name":"wp","href":"https:\/\/api.w.org\/{rel}","templated":true}]}}