{"id":5,"date":"2008-04-07T08:06:03","date_gmt":"2008-04-07T07:06:03","guid":{"rendered":"http:\/\/ops.wyszkow.pl\/?page_id=5"},"modified":"2021-07-01T09:42:26","modified_gmt":"2021-07-01T08:42:26","slug":"pomoc-spoleczna","status":"publish","type":"page","link":"https:\/\/ops.wyszkow.pl\/?page_id=5","title":{"rendered":"Pomoc spo\u0142eczna"},"content":{"rendered":"<p>O\u015brodek Pomocy Spo\u0142ecznej w Wyszkowie jest organem administracji samorz\u0105dowej powo\u0142anym uchwa\u0142\u0105 Rady Gminy w Wyszkowie z dnia 31 marca 1990r. Wsp\u00f3\u0142pracuj\u0105c na zasadach partnerstwa z organizacjami spo\u0142ecznymi i pozarz\u0105dowymi, ko\u015bcio\u0142ami oraz osobami fizycznymi&nbsp; i prawnymi, O\u015brodek organizuje i realizuje zadania z&nbsp; zakresu polityki spo\u0142ecznej na terenie Gminy Wyszk\u00f3w.<\/p>\n<h2>Cel pomocy spo\u0142ecznej<\/h2>\n<p>Pomoc spo\u0142eczna ma na celu umo\u017cliwienie osobom i rodzinom przezwyci\u0119\u017canie trudnych sytuacji \u017cyciowych, kt\u00f3rych nie s\u0105 w stanie pokona\u0107 wykorzystuj\u0105c w\u0142asne uprawnienia, zasoby i mo\u017cliwo\u015bci. O\u015brodek wspiera osoby i rodziny w wysi\u0142kach zmierzaj\u0105cych do zaspokojenia niezb\u0119dnych potrzeb i umo\u017cliwia im \u017cycie w warunkach odpowiadaj\u0105cych godno\u015bci cz\u0142owieka. Podejmuje dzia\u0142ania zmierzaj\u0105ce do usamodzielnienia os\u00f3b i ich rodzin, przeciwdzia\u0142a marginalizacji os\u00f3b, rodzin i \u015brodowisk. Podejmuje dzia\u0142ania integracyjne oraz rozwijaj\u0105ce lokaln\u0105 demokracj\u0119.<\/p>\n<p>Osoby i rodziny korzystaj\u0105ce ze \u015bwiadcze\u0144 z pomocy spo\u0142ecznej zobowi\u0105zane s\u0105 do wsp\u00f3\u0142dzia\u0142ania&nbsp; w rozwi\u0105zywaniu ich trudnej sytuacji \u017cyciowej, maj\u0105 obowi\u0105zek respektowa\u0107 ustalenia zawarte we wsp\u00f3lnie z pracownikiem socjalnym sporz\u0105dzonym kontrakcie socjalnym.<\/p>\n<h2 align=\"left\">Zasady realizowania pomocy spo\u0142ecznej<\/h2>\n<p align=\"left\">\u015awiadczenia realizowane s\u0105 na zasadach pomocniczo\u015bci, subsydiarno\u015bci i indywidualizacji, przez wyspecjalizowane s\u0142u\u017cby spo\u0142eczne.<\/p>\n<p>Obecny model pomocy spo\u0142ecznej w Polsce kszta\u0142tuje ustawa o pomocy spo\u0142ecznej z dnia 12 marca 2004r. O\u015brodek Pomocy Spo\u0142ecznej realizuje dwojakiego rodzaju zadania w zakresie pomocy spo\u0142ecznej tj. zadania zlecone z zakresu administracji rz\u0105dowej oraz zadania w\u0142asne gminy. Kierownik O\u015brodka Pomocy Spo\u0142ecznej wydaje decyzje administracyjne oraz przedk\u0142ada plany i sprawozdania Radzie Gminy z zakresu polityki spo\u0142ecznej na terenie Gminy Wyszk\u00f3w.<\/p>\n<p>Ponadto o\u015brodek jest naturalnym miejscem, w kt\u00f3rym spotykaj\u0105 si\u0119 osoby potrzebuj\u0105ce pomocy z lud\u017ami gotowymi im pomaga\u0107.<\/p>\n<h2>Kogo obejmuje pomoc spo\u0142eczna<\/h2>\n<ul>\n<li>rodziny dysfunkcyjne<\/li>\n<li>rodziny z osob\u0105 bezrobotn\u0105<\/li>\n<li>rodziny z osob\u0105 niepe\u0142nosprawn\u0105<\/li>\n<li>rodziny niepe\u0142ne<\/li>\n<li>rodziny wielodzietne<\/li>\n<li>rodziny z trudno\u015bciami wychowawczymi<\/li>\n<li>ludzie z\u0142otego wieku<\/li>\n<li>bezdomni<\/li>\n<\/ul>\n<h2>\u015awiadczenia organizowane przez OPS<\/h2>\n<p>OPS organizuje r\u00f3\u017cnorodne \u015bwiadczenia &#8211; pomoc materialn\u0105 w tym finansow\u0105, r\u00f3\u017cnego rodzaju us\u0142ugi (opieku\u0144cze, specjalistyczne) do\u017cywianie, poradnictwo (prawne, psychologiczne, pedagogiczne, socjalne, psychiatryczne) organizowanie lokalnego systemu oparcia spo\u0142ecznego, rozw\u00f3j samopomocy w \u015brodowisku lokalnym, stowarzysze\u0144, grup samopomocowych, grup wsparcia oraz inne instytucje z zakresu pomocy spo\u0142ecznej, wyr\u00f3wnywanie szans dla os\u00f3b zagro\u017conych wykluczeniem spo\u0142ecznym i marginalizacj\u0105, rozw\u00f3j wolontariatu.<\/p>\n","protected":false},"excerpt":{"rendered":"<p>O\u015brodek Pomocy Spo\u0142ecznej w Wyszkowie jest organem administracji samorz\u0105dowej powo\u0142anym uchwa\u0142\u0105 Rady Gminy w Wyszkowie z dnia 31 marca 1990r. Wsp\u00f3\u0142pracuj\u0105c na zasadach partnerstwa z organizacjami spo\u0142ecznymi i pozarz\u0105dowymi, ko\u015bcio\u0142ami oraz osobami fizycznymi&nbsp; i prawnymi, O\u015brodek organizuje i realizuje zadania z&nbsp; zakresu polityki spo\u0142ecznej na terenie Gminy Wyszk\u00f3w. Cel pomocy spo\u0142ecznej Pomoc spo\u0142eczna ma na &hellip; <a href=\"https:\/\/ops.wyszkow.pl\/?page_id=5\" class=\"more-link\">Continue reading <span class=\"screen-reader-text\">Pomoc spo\u0142eczna<\/span> <span class=\"meta-nav\">&rarr;<\/span><\/a><\/p>\n","protected":false},"author":1,"featured_media":0,"parent":0,"menu_order":0,"comment_status":"closed","ping_status":"open","template":"","meta":{"ngg_post_thumbnail":0,"footnotes":""},"class_list":["post-5","page","type-page","status-publish","hentry"],"_links":{"self":[{"href":"https:\/\/ops.wyszkow.pl\/index.php?rest_route=\/wp\/v2\/pages\/5","targetHints":{"allow":["GET"]}}],"collection":[{"href":"https:\/\/ops.wyszkow.pl\/index.php?rest_route=\/wp\/v2\/pages"}],"about":[{"href":"https:\/\/ops.wyszkow.pl\/index.php?rest_route=\/wp\/v2\/types\/page"}],"author":[{"embeddable":true,"href":"https:\/\/ops.wyszkow.pl\/index.php?rest_route=\/wp\/v2\/users\/1"}],"replies":[{"embeddable":true,"href":"https:\/\/ops.wyszkow.pl\/index.php?rest_route=%2Fwp%2Fv2%2Fcomments&post=5"}],"version-history":[{"count":8,"href":"https:\/\/ops.wyszkow.pl\/index.php?rest_route=\/wp\/v2\/pages\/5\/revisions"}],"predecessor-version":[{"id":8243,"href":"https:\/\/ops.wyszkow.pl\/index.php?rest_route=\/wp\/v2\/pages\/5\/revisions\/8243"}],"wp:attachment":[{"href":"https:\/\/ops.wyszkow.pl\/index.php?rest_route=%2Fwp%2Fv2%2Fmedia&parent=5"}],"curies":[{"name":"wp","href":"https:\/\/api.w.org\/{rel}","templated":true}]}}