{"id":5080,"date":"2018-08-10T17:54:21","date_gmt":"2018-08-10T16:54:21","guid":{"rendered":"http:\/\/ops.wyszkow.pl\/?page_id=5080"},"modified":"2019-08-12T14:59:38","modified_gmt":"2019-08-12T13:59:38","slug":"klauzula-informacyjna-o-przetwarzaniu-danych-osobowych","status":"publish","type":"page","link":"https:\/\/ops.wyszkow.pl\/?page_id=5080","title":{"rendered":"Klauzula informacyjna o przetwarzaniu danych osobowych"},"content":{"rendered":"<p><strong>Zgodnie z art. 13 Rozporz\u0105dzenia Parlamentu Europejskiego i Rady (UE) 2016\/679 z&nbsp;dnia 27 kwietnia 2016r. w sprawie ochrony os\u00f3b fizycznych w zwi\u0105zku z&nbsp;przetwarzaniem danych osobowych i w sprawie swobodnego przep\u0142ywu takich danych oraz uchylenia dyrektywy 95\/46\/WE\/Dz. Urz. UE L 119 z 04.05.2016\/ <\/strong><\/p>\n<ol>\n<li>administratorem Pani\/Pana danych osobowych jest Dyrektor O\u015brodka Pomocy Spo\u0142ecznej z siedzib\u0105 w&nbsp;Wyszkowie przy ul. 3 Maja 16, zwany dalej Administratorem; Administrator prowadzi operacje przetwarzania Pani\/Pana danych osobowych,<\/li>\n<li>inspektorem danych osobowych u Administratora jest Pani Edyta Milewska, e-mail: iod@ops.wyszkow.pl,<\/li>\n<li>Pani\/Pana dane osobowe przetwarzane b\u0119d\u0105 w celu realizacji ustawowych zada\u0144 O\u015brodka na podstawie art.6 ust. 1 og\u00f3lnego rozporz\u0105dzenia o ochronie danych osobowych z dnia 27 kwietnia 2016r.<\/li>\n<li>podanie danych jest niezb\u0119dne do realizacji cel\u00f3w okre\u015blonych w pkt 3, w przypadku niepodania danych niemo\u017cliwe jest realizacja zada\u0144,<\/li>\n<li>posiada Pani\/Pan prawo do: \u017c\u0105dania od Administratora dost\u0119pu do swoich danych osobowych, ich sprostowania, usuni\u0119cia lub ograniczenia przetwarzania danych osobowych, wniesienia sprzeciwu wobec takiego przetwarzania, przenoszenia danych, wniesienia skargi do organu nadzorczego, cofni\u0119cia zgody na przetwarzanie danych osobowych,<\/li>\n<li>Pani\/Pana dane osobowe nie podlegaj\u0105 zautomatyzowanemu podejmowaniu decyzji, w&nbsp;tym profilowaniu,<\/li>\n<li>Pani\/Pana dane osobowe wynikaj\u0105ce z wype\u0142nionego formularza, przetwarzane b\u0119d\u0105 dla potrzeb prowadzenia post\u0119powa\u0144 wskazanych w pkt. 3, do czasu, a\u017c Pani\/Pan zg\u0142osi sprzeciw wzgl\u0119dem ich przetwarzania. W tym celu konieczne jest wycofanie wcze\u015bniej wyra\u017conej przez Pani\/Pana zgody lub w &nbsp;przypadku gdy Administrator ustali, \u017ce dane si\u0119 zdezaktualizowa\u0142y,<\/li>\n<li>Pani\/Pana dane osobowe b\u0119d\u0105 przetwarzane wy\u0142\u0105cznie przez upowa\u017cnionych pracownik\u00f3w oraz upowa\u017cnione podmioty, kt\u00f3re s\u0105 uprawnione do uzyskania danych osobowych na podstawie przepis\u00f3w prawa,<\/li>\n<li>Pani\/Pana dane osobowe przechowywane b\u0119d\u0105 w czasie okre\u015blonym przepisami prawa, zgodnie z instrukcj\u0105 kancelaryjn\u0105.<\/li>\n<\/ol>\n","protected":false},"excerpt":{"rendered":"<p>Zgodnie z art. 13 Rozporz\u0105dzenia Parlamentu Europejskiego i Rady (UE) 2016\/679 z&nbsp;dnia 27 kwietnia 2016r. w sprawie ochrony os\u00f3b fizycznych w zwi\u0105zku z&nbsp;przetwarzaniem danych osobowych i w sprawie swobodnego przep\u0142ywu takich danych oraz uchylenia dyrektywy 95\/46\/WE\/Dz. Urz. UE L 119 z 04.05.2016\/ administratorem Pani\/Pana danych osobowych jest Dyrektor O\u015brodka Pomocy Spo\u0142ecznej z siedzib\u0105 w&nbsp;Wyszkowie przy &hellip; <a href=\"https:\/\/ops.wyszkow.pl\/?page_id=5080\" class=\"more-link\">Continue reading <span class=\"screen-reader-text\">Klauzula informacyjna o przetwarzaniu danych osobowych<\/span> <span class=\"meta-nav\">&rarr;<\/span><\/a><\/p>\n","protected":false},"author":1,"featured_media":0,"parent":0,"menu_order":0,"comment_status":"closed","ping_status":"closed","template":"","meta":{"ngg_post_thumbnail":0,"footnotes":""},"class_list":["post-5080","page","type-page","status-publish","hentry"],"_links":{"self":[{"href":"https:\/\/ops.wyszkow.pl\/index.php?rest_route=\/wp\/v2\/pages\/5080","targetHints":{"allow":["GET"]}}],"collection":[{"href":"https:\/\/ops.wyszkow.pl\/index.php?rest_route=\/wp\/v2\/pages"}],"about":[{"href":"https:\/\/ops.wyszkow.pl\/index.php?rest_route=\/wp\/v2\/types\/page"}],"author":[{"embeddable":true,"href":"https:\/\/ops.wyszkow.pl\/index.php?rest_route=\/wp\/v2\/users\/1"}],"replies":[{"embeddable":true,"href":"https:\/\/ops.wyszkow.pl\/index.php?rest_route=%2Fwp%2Fv2%2Fcomments&post=5080"}],"version-history":[{"count":4,"href":"https:\/\/ops.wyszkow.pl\/index.php?rest_route=\/wp\/v2\/pages\/5080\/revisions"}],"predecessor-version":[{"id":5586,"href":"https:\/\/ops.wyszkow.pl\/index.php?rest_route=\/wp\/v2\/pages\/5080\/revisions\/5586"}],"wp:attachment":[{"href":"https:\/\/ops.wyszkow.pl\/index.php?rest_route=%2Fwp%2Fv2%2Fmedia&parent=5080"}],"curies":[{"name":"wp","href":"https:\/\/api.w.org\/{rel}","templated":true}]}}