{"id":5610,"date":"2019-09-24T10:08:56","date_gmt":"2019-09-24T09:08:56","guid":{"rendered":"http:\/\/ops.wyszkow.pl\/?page_id=5610"},"modified":"2019-09-24T10:08:56","modified_gmt":"2019-09-24T09:08:56","slug":"polityka-prywatnosci","status":"publish","type":"page","link":"https:\/\/ops.wyszkow.pl\/?page_id=5610","title":{"rendered":"Polityka prywatno\u015bci"},"content":{"rendered":"\n<p>Na stronie O\u015brodka Pomocy Spo\u0142ecznej w Wyszkowie stosuje si\u0119 tzw. cookies, tj. informacje zapisywane przez serwery na urz\u0105dzeniu ko\u0144cowym u\u017cytkownika, kt\u00f3re serwery mog\u0105 odczyta\u0107 przy ka\u017cdorazowym po\u0142\u0105czeniu si\u0119 z tego urz\u0105dzenia ko\u0144cowego, mo\u017ce tak\u017ce u\u017cywa\u0107 innych technologii o funkcjach podobnych lub to\u017csamych z cookies.<\/p>\n\n\n\n<p>Pliki cookies (tzw. &#8220;ciasteczka&#8221;) stanowi\u0105 dane informatyczne, w szczeg\u00f3lno\u015bci pliki tekstowe, kt\u00f3re przechowywane s\u0105 w urz\u0105dzeniu ko\u0144cowym u\u017cytkownika serwisu internetowego. <\/p>\n\n\n\n<p>Zebrane pliki cookies  nie przechowuj\u0105 \u017cadnych danych osobowych zebranych od u\u017cytkownik\u00f3w.<\/p>\n\n\n\n<p>Na stronie O\u015brodka Pomocy Spo\u0142ecznej w Wyszkowie wykorzystywane s\u0105 w celu:<br>&#8211; zapewnienia prawid\u0142owego dzia\u0142ania witryny,<br>&#8211; tworzenia statystyk,<br>&#8211; zapami\u0119tania indywidualnych preferencji u\u017cytkownika<\/p>\n\n\n\n<p>Najcz\u0119\u015bciej przegl\u0105darki internetowe domy\u015blnie dopuszczaj\u0105 przechowywanie plik\u00f3w cookies w urz\u0105dzeniu ko\u0144cowym u\u017cytkownika.<\/p>\n\n\n\n<p>U\u017cytkownicy serwisu mog\u0105 dokona\u0107 w dowolnym czasie zmiany ustawie\u0144 dotycz\u0105cych plik\u00f3w cookies. Ustawienia te mog\u0105 zosta\u0107 zmienione w szczeg\u00f3lno\u015bci w taki spos\u00f3b, aby blokowa\u0107 automatyczn\u0105 obs\u0142ug\u0119 plik\u00f3w cookies b\u0105d\u017a informowa\u0107 o ich ka\u017cdorazowym zamieszczeniu w urz\u0105dzeniu u\u017cytkownika serwisu internetowego.<\/p>\n\n\n\n<p>Brak zmiany tych ustawie\u0144 oznacza akceptacj\u0119 dla stosowanych cookies.<\/p>\n\n\n\n<p>W przypadku zmiany obowi\u0105zuj\u0105cej polityki prywatno\u015bci, wprowadzone zostan\u0105 odpowiednie modyfikacje do powy\u017cszego zapisu.<\/p>\n","protected":false},"excerpt":{"rendered":"<p>Na stronie O\u015brodka Pomocy Spo\u0142ecznej w Wyszkowie stosuje si\u0119 tzw. cookies, tj. informacje zapisywane przez serwery na urz\u0105dzeniu ko\u0144cowym u\u017cytkownika, kt\u00f3re serwery mog\u0105 odczyta\u0107 przy ka\u017cdorazowym po\u0142\u0105czeniu si\u0119 z tego urz\u0105dzenia ko\u0144cowego, mo\u017ce tak\u017ce u\u017cywa\u0107 innych technologii o funkcjach podobnych lub to\u017csamych z cookies. Pliki cookies (tzw. &#8220;ciasteczka&#8221;) stanowi\u0105 dane informatyczne, w szczeg\u00f3lno\u015bci pliki tekstowe, &hellip; <a href=\"https:\/\/ops.wyszkow.pl\/?page_id=5610\" class=\"more-link\">Continue reading <span class=\"screen-reader-text\">Polityka prywatno\u015bci<\/span> <span class=\"meta-nav\">&rarr;<\/span><\/a><\/p>\n","protected":false},"author":1,"featured_media":0,"parent":0,"menu_order":0,"comment_status":"closed","ping_status":"closed","template":"","meta":{"ngg_post_thumbnail":0,"footnotes":""},"class_list":["post-5610","page","type-page","status-publish","hentry"],"_links":{"self":[{"href":"https:\/\/ops.wyszkow.pl\/index.php?rest_route=\/wp\/v2\/pages\/5610","targetHints":{"allow":["GET"]}}],"collection":[{"href":"https:\/\/ops.wyszkow.pl\/index.php?rest_route=\/wp\/v2\/pages"}],"about":[{"href":"https:\/\/ops.wyszkow.pl\/index.php?rest_route=\/wp\/v2\/types\/page"}],"author":[{"embeddable":true,"href":"https:\/\/ops.wyszkow.pl\/index.php?rest_route=\/wp\/v2\/users\/1"}],"replies":[{"embeddable":true,"href":"https:\/\/ops.wyszkow.pl\/index.php?rest_route=%2Fwp%2Fv2%2Fcomments&post=5610"}],"version-history":[{"count":1,"href":"https:\/\/ops.wyszkow.pl\/index.php?rest_route=\/wp\/v2\/pages\/5610\/revisions"}],"predecessor-version":[{"id":5612,"href":"https:\/\/ops.wyszkow.pl\/index.php?rest_route=\/wp\/v2\/pages\/5610\/revisions\/5612"}],"wp:attachment":[{"href":"https:\/\/ops.wyszkow.pl\/index.php?rest_route=%2Fwp%2Fv2%2Fmedia&parent=5610"}],"curies":[{"name":"wp","href":"https:\/\/api.w.org\/{rel}","templated":true}]}}