{"id":61,"date":"2008-04-25T08:13:55","date_gmt":"2008-04-25T07:13:55","guid":{"rendered":"http:\/\/ops.wyszkow.pl\/?page_id=61"},"modified":"2026-04-20T11:07:51","modified_gmt":"2026-04-20T10:07:51","slug":"dane-kontaktowe","status":"publish","type":"page","link":"https:\/\/ops.wyszkow.pl\/?page_id=61","title":{"rendered":"Dane kontaktowe"},"content":{"rendered":"<p><strong><span style=\"font-size: medium;\">O\u015brodek Pomocy Spo\u0142ecznej w Wyszkowie<br>ul. 3 &#8211; Maja 16,<br>07-200 Wyszk\u00f3w<\/span><\/strong><\/p>\n<p align=\"left\"><strong>Sekretariat<\/strong><\/p>\n<p style=\"padding-left: 40px;\">Tel: (29) 742 40 97, (29) 742 49 02, (29) 742 96 16<\/p>\n<p style=\"padding-left: 40px;\">Tel\/Fax&nbsp; (29) 742 49 02 wew. 8<\/p>\n<p style=\"padding-left: 40px;\" align=\"left\">e-mail:&nbsp;&nbsp; <a href=\"mailto:sekretariat@ops.wyszkow.pl\">sekretariat@ops.wyszkow.pl<\/a><\/p>\n<p align=\"left\">Elektroniczna Skrzynka Podawcza: OPSWyszkow\/skrytka<\/p>\n<table border=\"0\" width=\"603\" cellspacing=\"1\" cellpadding=\"1\" align=\"left\"><caption>\n<h2>Godziny pracy OPS:<\/h2>\n<hr><\/caption>\n<tbody>\n<tr>\n<th scope=\"col\">Dzie\u0144 tygodnia<\/th>\n<th scope=\"col\">Godzina<\/th>\n<\/tr>\n<tr>\n<td>Poniedzia\u0142ek<\/td>\n<td>8.00 -16.00<\/td>\n<\/tr>\n<tr>\n<td>Wtorek<\/td>\n<td>8.00 -16.00<\/td>\n<\/tr>\n<tr>\n<td>\u015aroda<\/td>\n<td>8.00 -16.00 \u2013 Dzie\u0144 wewn\u0119trzny<\/td>\n<\/tr>\n<tr>\n<td>Czwartek<\/td>\n<td>8.00 -16.00<\/td>\n<\/tr>\n<tr>\n<td>Pi\u0105tek<\/td>\n<td>8.00 -16.00<\/td>\n<\/tr>\n<\/tbody>\n<\/table>\n<p>&nbsp;<\/p>\n<hr>\n<table border=\"0\" width=\"603\" cellspacing=\"1\" cellpadding=\"1\" align=\"left\"><caption>\n<h2>Godziny pracy Dzia\u0142u \u015awiadcze\u0144 Rodzinnych:<\/h2>\n<hr><\/caption>\n<tbody>\n<tr>\n<th scope=\"col\">Dzie\u0144 tygodnia<\/th>\n<th scope=\"col\">Godzina<\/th>\n<\/tr>\n<tr>\n<td>Poniedzia\u0142ek<\/td>\n<td>8.00 -16.00<\/td>\n<\/tr>\n<tr>\n<td>Wtorek<\/td>\n<td>8.00 -18.00<\/td>\n<\/tr>\n<tr>\n<td>\u015aroda<\/td>\n<td>8.00 -16.00 \u2013 Dzie\u0144 wewn\u0119trzny<\/td>\n<\/tr>\n<tr>\n<td>Czwartek<\/td>\n<td>8.00 -16.00<\/td>\n<\/tr>\n<tr>\n<td>Pi\u0105tek<\/td>\n<td>8.00 -16.00<\/td>\n<\/tr>\n<\/tbody>\n<\/table>\n<p>&nbsp;<\/p>\n<p>&nbsp;<\/p>\n<h2 align=\"left\">&nbsp;<\/h2>\n<h2 align=\"left\"><span style=\"color: #2051e3;\">Dyrektor<\/span><\/h2>\n<p align=\"left\"><span style=\"font-size: medium;\"><strong>Dyrektor&nbsp;<\/strong>&#8211;&nbsp; Agnieszka Mr\u00f3z<\/span><\/p>\n<p align=\"left\">Przyjmuje po wcze\u015bniejszym kontakcie telefonicznym:<\/p>\n<table style=\"border-collapse: collapse; width: 100%;\">\n<tbody>\n<tr>\n<td style=\"width: 50%;\">Wtorek<\/td>\n<td style=\"width: 50%;\">9:00 &#8211; 11:00<\/td>\n<\/tr>\n<tr>\n<td style=\"width: 50%;\">Czwartek<\/td>\n<td style=\"width: 50%;\">13:00 &#8211; 15:00<\/td>\n<\/tr>\n<\/tbody>\n<\/table>\n<hr>\n<h2 align=\"left\">&nbsp;<\/h2>\n<h2 align=\"left\"><span style=\"color: #2051e3;\">Kierownicy<\/span><\/h2>\n<p><strong>Kierownik Dzia\u0142u Administracyjnego<\/strong> &#8211; Aneta Do\u0142owy<\/p>\n<p><strong>Kierownik Sekcji \u015awiadcze\u0144 <\/strong>&#8211; Iwona Staniszewska<\/p>\n<p><strong>Kierownik Dzia\u0142u \u015awiadcze\u0144 Rodzinnych <\/strong>&#8211; Sylwia \u015awi\u0119ch<\/p>\n<p><strong>Kierownik Dzia\u0142u Pomocy \u015arodowiskowej i Us\u0142ug <\/strong>&#8211; Anna Godle\u015b<\/p>\n<hr>\n<h2 align=\"left\">&nbsp;<\/h2>\n<h2 align=\"left\"><span style=\"color: #2051e3;\">Ksi\u0119gowo\u015b\u0107<\/span><\/h2>\n<p align=\"left\"><strong>G\u0142\u00f3wny Ksi\u0119gowy<\/strong> &#8211; Anna Bielecka<\/p>\n<hr>\n<p align=\"left\">&nbsp;<\/p>\n<h2><span style=\"color: #2051e3;\">Dzia\u0142 Pomocy \u015arodowiskowej i Us\u0142ug<\/span><\/h2>\n<h3><strong>Pracownicy Socjalni:<\/strong><\/h3>\n<p style=\"padding-left: 40px;\"><a href=\"http:\/\/ops.wyszkow.pl\/?page_id=7\">Rejony Dzia\u0142ania pracownik\u00f3w socjalnych<\/a><\/p>\n<h3>Zesp\u00f3\u0142 ds. Przeciwdzia\u0142ania Przemocy Domowej<\/h3>\n<ul>\n<li style=\"list-style-type: none;\">\n<ul>\n<li>Agnieszka Mr\u00f3z &#8211; Przewodnicz\u0105ca zespo\u0142u interdyscyplinarnego wew. 220<\/li>\n<li>Monika Beresi\u0144ska &#8211; Zast\u0119pca przewodnicz\u0105cej zespo\u0142u interdyscyplinarnego wew. 216, 217<\/li>\n<li>Adrian Zdunek &#8211; Zast\u0119pca przewodnicz\u0105cej zespo\u0142u interdyscyplinarnego wew. 216, 217<\/li>\n<li>Zofia Ciemerych &#8211; Pracownik socjalny wew. 216, 217<\/li>\n<li>Kinga Jaroszewska &#8211; Pracownik socjalny wew. 216, 217<\/li>\n<\/ul>\n<\/li>\n<\/ul>\n<h3>Stanowiska ds. us\u0142ug opieku\u0144czych<\/h3>\n<ul>\n<li style=\"list-style-type: none;\">\n<ul>\n<li>Justyna Kalicka<\/li>\n<li>Monika Suska<\/li>\n<\/ul>\n<\/li>\n<\/ul>\n<h3>Stanowiska ds. specjalistycznych us\u0142ug opieku\u0144czych<\/h3>\n<ul>\n<li style=\"list-style-type: none;\">\n<ul>\n<li>Katarzyna Paw\u0142owska<\/li>\n<\/ul>\n<\/li>\n<\/ul>\n<hr>\n<p>&nbsp;<\/p>\n<h2><span style=\"color: #2051e3;\">Dom dziennego Pobytu &#8220;Senior&#8221;<\/span><\/h2>\n<p><strong>Kierownik Domu Dziennego Pobytu&nbsp;<\/strong> &#8211; Dorota Wojtkowska<\/p>\n<p style=\"padding-left: 40px;\">ul. 3 Maja 18, 07-200 Wyszk\u00f3w<br>Tel. (029) 742 59 21<\/p>\n<p>DDP &#8220;SENIOR&#8221; otwarty w godz:<br>Poniedzia\u0142ek &#8211;&nbsp;czwartek &#8211;&nbsp;pi\u0105tek: &nbsp;8:00 &#8211; 16:00<br>Wtorek &#8211; \u015broda:&nbsp; 9:00 &#8211; 17:00<\/p>\n<hr>\n<h2>&nbsp;<\/h2>\n<h2><strong><span style=\"color: #2051e3;\">Koordynator wolontariatu<\/span><\/strong><\/h2>\n<ul>\n<li style=\"list-style-type: none;\">\n<ul>\n<li>Aleksandra Krystman<\/li>\n<\/ul>\n<\/li>\n<\/ul>\n<hr>\n<h2>&nbsp;<\/h2>\n<h2><strong><span style=\"color: #2051e3;\">Punkt Informacji Obywatelskiej<\/span><\/strong><\/h2>\n<p>Porad udzielaj\u0105:<\/p>\n<p style=\"padding-left: 40px;\"><strong>Prawnik<\/strong> <strong>&#8211;<\/strong> poniedzia\u0142ek i pi\u0105tek 10.30 &#8211; 14.30<\/p>\n<p style=\"padding-left: 40px;\"><strong>Psycholog &#8211; <\/strong>wtorek 8.00-10.00;&nbsp; \u015broda 15.00 &#8211; 16.00<\/p>\n<hr>\n<h2>&nbsp;<\/h2>\n<h2><strong><span style=\"color: #2051e3;\">Dzia\u0142 \u015awiadcze\u0144 Rodzinnych<br><\/span><\/strong><\/h2>\n<p>Tel. (29) 742 40 97, (29) 742 49 02, (29) 742 96 16, kom. 510 034 961<\/p>\n<p style=\"padding-left: 40px;\">wew. 230 &#8211; \u015bwiadczenia rodzinne<\/p>\n<p style=\"padding-left: 40px;\">wew. 231 &#8211; kierownik<\/p>\n<p style=\"padding-left: 40px;\">wew. 232 &#8211; sala obs\u0142ugi interesant\u00f3w, dodatek mieszkaniowy<\/p>\n<p style=\"padding-left: 40px;\">wew. 234 &#8211; fundusz alimentacyjny<\/p>\n<hr>\n<h2>&nbsp;<\/h2>\n<h2><span style=\"color: #2051e3;\">Dost\u0119pno\u015b\u0107<\/span><\/h2>\n<p><strong>Iwona Staniszewska \u2013 <\/strong><strong>Koordynator <\/strong>&#8211; <strong>Przewodnicz\u0105ca zespo\u0142u \u2013 odpowiedzialna za obszar dost\u0119pno\u015bci architektonicznej<br>tel. <\/strong>(29) 742 40 97 wew. 244 &nbsp;e-mail: <a href=\"mailto:dostepnosc@ops.wyszkow.pl\">dostepnosc@ops.wyszkow.pl<\/a>&nbsp;<\/p>\n<p><strong>Aneta Do\u0142owy\u2013 Kierownik Dzia\u0142u Administracyjnego &#8211; Cz\u0142onek Zespo\u0142u <\/strong>\u2013 odpowiedzialna za obszar&nbsp; dost\u0119pno\u015bci informacyjno\u2013komunikacyjnej<strong><br>tel.<\/strong> (29) 742 40 97 wew. 206 e-mail: <a href=\"mailto:dostepnosc@ops.wyszkow.pl\">dostepnosc@ops.wyszkow.pl<\/a><\/p>\n<p><strong>Robert Augustyniak&nbsp; \u2013 Koordynator ds. komputeryzacji pomocy spo\u0142ecznej &#8211; Cz\u0142onek Zespo\u0142u<\/strong> &#8211; odpowiedzialny za obszar dost\u0119pno\u015bci&nbsp;cyfrowej<strong><br>tel.<\/strong> (29) 742 40 97 wew. 211 e-mail: <a href=\"mailto:dostepnosc@ops.wyszkow.pl\">dostepnosc@ops.wyszkow.pl<\/a><\/p>\n\n\n<h2 class=\"wp-block-heading\">Wp\u0142ata nale\u017cno\u015bci<\/h2>\n\n\n\n<p><strong>Nale\u017cno\u015bci pieni\u0119\u017cne (po doliczeniu odsetek wyliczonych na dzie\u0144 sp\u0142aty) nale\u017cy wp\u0142aci\u0107 na rachunek bankowy prowadzony przez Bank Sp\u00f3\u0142dzielczy w Wyszkowie:<\/strong><\/p>\n\n\n\n<ul class=\"wp-block-list\">\n<li>dotycz\u0105ce \u015bwiadcze\u0144 rodzinnych, \u015bwiadcze\u0144 z funduszu alimentacyjnego oraz \u015bwiadczenia wychowawczego nr <strong>39 8931 0003 0002 1643 2029 0004<\/strong><\/li>\n\n\n\n<li>dotycz\u0105ce \u015bwiadcze\u0144 rodzinnych nale\u017cnych od obywateli Ukrainy nr <strong>26 8931 0003 0002 1643 2000 0111<\/strong><\/li>\n\n\n\n<li><strong> <\/strong>dotycz\u0105ce sp\u0142aty zaleg\u0142o\u015bci alimentacyjnych nr <strong>12 8931 0003 0002 1643 2029 0005<\/strong><\/li>\n<\/ul>\n\n\n\n<p><\/p>\n","protected":false},"excerpt":{"rendered":"<p>O\u015brodek Pomocy Spo\u0142ecznej w Wyszkowieul. 3 &#8211; Maja 16,07-200 Wyszk\u00f3w Sekretariat Tel: (29) 742 40 97, (29) 742 49 02, (29) 742 96 16 Tel\/Fax&nbsp; (29) 742 49 02 wew. 8 e-mail:&nbsp;&nbsp; sekretariat@ops.wyszkow.pl Elektroniczna Skrzynka Podawcza: OPSWyszkow\/skrytka Godziny pracy OPS: Dzie\u0144 tygodnia Godzina Poniedzia\u0142ek 8.00 -16.00 Wtorek 8.00 -16.00 \u015aroda 8.00 -16.00 \u2013 Dzie\u0144 wewn\u0119trzny &hellip; <a href=\"https:\/\/ops.wyszkow.pl\/?page_id=61\" class=\"more-link\">Continue reading <span class=\"screen-reader-text\">Dane kontaktowe<\/span> <span class=\"meta-nav\">&rarr;<\/span><\/a><\/p>\n","protected":false},"author":1,"featured_media":0,"parent":0,"menu_order":140,"comment_status":"closed","ping_status":"open","template":"","meta":{"ngg_post_thumbnail":0,"footnotes":""},"class_list":["post-61","page","type-page","status-publish","hentry"],"_links":{"self":[{"href":"https:\/\/ops.wyszkow.pl\/index.php?rest_route=\/wp\/v2\/pages\/61","targetHints":{"allow":["GET"]}}],"collection":[{"href":"https:\/\/ops.wyszkow.pl\/index.php?rest_route=\/wp\/v2\/pages"}],"about":[{"href":"https:\/\/ops.wyszkow.pl\/index.php?rest_route=\/wp\/v2\/types\/page"}],"author":[{"embeddable":true,"href":"https:\/\/ops.wyszkow.pl\/index.php?rest_route=\/wp\/v2\/users\/1"}],"replies":[{"embeddable":true,"href":"https:\/\/ops.wyszkow.pl\/index.php?rest_route=%2Fwp%2Fv2%2Fcomments&post=61"}],"version-history":[{"count":80,"href":"https:\/\/ops.wyszkow.pl\/index.php?rest_route=\/wp\/v2\/pages\/61\/revisions"}],"predecessor-version":[{"id":9662,"href":"https:\/\/ops.wyszkow.pl\/index.php?rest_route=\/wp\/v2\/pages\/61\/revisions\/9662"}],"wp:attachment":[{"href":"https:\/\/ops.wyszkow.pl\/index.php?rest_route=%2Fwp%2Fv2%2Fmedia&parent=61"}],"curies":[{"name":"wp","href":"https:\/\/api.w.org\/{rel}","templated":true}]}}