{"id":6832,"date":"2022-02-01T12:37:09","date_gmt":"2022-02-01T11:37:09","guid":{"rendered":"https:\/\/ops.wyszkow.pl\/?page_id=6832"},"modified":"2025-11-06T10:46:31","modified_gmt":"2025-11-06T09:46:31","slug":"dodatek-mieszkaniowy","status":"publish","type":"page","link":"https:\/\/ops.wyszkow.pl\/?page_id=6832","title":{"rendered":"Dodatek mieszkaniowy"},"content":{"rendered":"\n<p>Je\u015bli Twoja sytuacja materialna jest trudna, mo\u017cesz skorzysta\u0107 z pomocy w formie dodatku mieszkaniowego przeznaczonego na utrzymanie posiadanego lub wynajmowanego mieszkania lub domu jednorodzinnego. Warunkiem uzyskania takiej pomocy jest spe\u0142nienie kryteri\u00f3w dochodowych. Tw\u00f3j \u015bredni miesi\u0119czny doch\u00f3d w okresie 3 miesi\u0119cy poprzedzaj\u0105cych dat\u0119 z\u0142o\u017cenia wniosku o przyznanie dodatku mieszkaniowego nie mo\u017ce przekroczy\u0107 kwoty 3.272,69 z\u0142, w przypadku gdy prowadzisz gospodarstwo jednoosobowe.<\/p>\n\n\n\n<p>Je\u015bli natomiast Twoje gospodarstwo jest wieloosobowe (tzn. prowadzisz je wsp\u00f3lnie z ma\u0142\u017conkiem oraz innymi osobami stale z Tob\u0105 zamieszkuj\u0105cymi), \u015bredni miesi\u0119czny doch\u00f3d gospodarstwa domowego (tzn. wszystkich os\u00f3b z Tob\u0105 zamieszkuj\u0105cych i prowadz\u0105cych to gospodarstwo), przypadaj\u0105cy na jedn\u0105 osob\u0119 nie mo\u017ce przekroczy\u0107 kwoty 2.454,52 z\u0142.<\/p>\n\n\n\n<p>Mieszkanie lub dom musi tak\u017ce spe\u0142nia\u0107 kryteria powierzchniowe. Zajmowany lokal nie mo\u017ce by\u0107 za du\u017cy w stosunku do liczby os\u00f3b, to znaczy \u017ce powierzchnia u\u017cytkowa zajmowanego lokalu nie mo\u017ce przekracza\u0107 powierzchni normatywnej o wi\u0119cej ni\u017c 30 proc. albo 50 proc. pod warunkiem, \u017ce udzia\u0142 powierzchni pokoi i kuchni w powierzchni u\u017cytkowej tego lokalu nie przekracza 60 proc. Rada gminy mo\u017ce podwy\u017cszy\u0107 maksymaln\u0105 dopuszczaln\u0105 powierzchni\u0119 u\u017cytkow\u0105 mieszkania albo domu lub maksymalny dopuszczalny stopie\u0144 jej przekroczenia &#8211; dowiedz si\u0119 w swoim urz\u0119dzie gminy albo miasta, czyj est taka uchwa\u0142a.<\/p>\n\n\n\n<h3 class=\"wp-block-heading\">Limity powierzchni mieszkania<\/h3>\n\n\n\n<figure class=\"wp-block-table\"><table><tbody><tr><td>Liczba os\u00f3b w gospodarstwie domowym<\/td><td>Powierzchnia normatywna<\/td><td>Powierzchnia normatywna zwi\u0119kszona o 30 proc. dopuszczalnego przekroczenia<\/td><td>Powierzchnia normatywna zwi\u0119kszona o 50 proc. dopuszczalnego przekroczenia<\/td><\/tr><tr><td>1 osoba<\/td><td>35 m<sup>2<\/sup><\/td><td>45,5 m<sup>2<\/sup><\/td><td>52,5 m<sup>2<\/sup><\/td><\/tr><tr><td>2 osoby<\/td><td>40 m<sup>2<\/sup><\/td><td>52,0 m<sup>2<\/sup><\/td><td>60,0 m<sup>2<\/sup><\/td><\/tr><tr><td>3 osoby<\/td><td>45 m<sup>2<\/sup><\/td><td>58,5 m<sup>2<\/sup><\/td><td>67,5 m<sup>2<\/sup><\/td><\/tr><tr><td>4 osoby<\/td><td>55 m<sup>2<\/sup><\/td><td>71,5 m<sup>2<\/sup><\/td><td>82,5 m<sup>2<\/sup><\/td><\/tr><tr><td>5 os\u00f3b<\/td><td>65 m<sup>2<\/sup><\/td><td>84,5 m<sup>2<\/sup><\/td><td>97,5 m<sup>2<\/sup><\/td><\/tr><tr><td>6 os\u00f3b<\/td><td>70 m<sup>2<\/sup><\/td><td>91,0 m<sup>2<\/sup><\/td><td>105,0 m<sup>2<\/sup><\/td><\/tr><\/tbody><\/table><\/figure>\n\n\n\n<p>\u015awiadczenia funkcjonuj\u0105 na podstawie ustawy o dodatkach mieszkaniowych. S\u0105 one zwolnione z opodatkowania. Wniosek o dodatek mieszkaniowy wraz z deklaracj\u0105 o dochodach gospodarstwa domowego wed\u0142ug wzoru uchwalonego przez rad\u0119 gminy w\u0142a\u015bciw\u0105 dla miejsca zamieszkania&nbsp; oraz dokumenty potwierdzaj\u0105ce wysoko\u015b\u0107 ponoszonych wydatk\u00f3w zwi\u0105zanych z zajmowaniem mieszkania lub domu mo\u017cesz z\u0142o\u017cy\u0107 w o\u015brodku pomocy spo\u0142ecznej albo urz\u0119dzie gminy w miejscu zamieszkania. Dodatek mieszkaniowy przyznawany jest w drodze decyzji administracyjnej przez: prezydenta miasta, burmistrza lub w\u00f3jta. Od decyzji mo\u017cna si\u0119 odwo\u0142ywa\u0107 do samorz\u0105dowego kolegium odwo\u0142awczego. Przyznany dodatek mieszkaniowy wyp\u0142acany jest zarz\u0105dcy budynku lub osobie uprawnionej do pobierania nale\u017cno\u015bci za zajmowany lokal mieszkalny, za wyj\u0105tkiem rycza\u0142tu za brak instalacji centralnego ogrzewania, ciep\u0142ej wody lub gazu przewodowego, kt\u00f3ry jest wyp\u0142acany bezpo\u015brednio do r\u0105k osoby wnioskuj\u0105cej.<\/p>\n\n\n\n<p>Podstawa prawna<\/p>\n\n\n\n<p>Ustawa z dnia 21 czerwca 2001 r. o dodatkach mieszkaniowych. <a href=\"http:\/\/isap.sejm.gov.pl\/isap.nsf\/DocDetails.xsp?id=WDU20010710734\">Dz.U. 2021 r. poz. 2021<\/a><\/p>\n\n\n\n<p><em>\u0179r\u00f3d\u0142o: www.gov.pl<\/em><\/p>\n\n\n\n<h3 class=\"wp-block-heading\">Za\u0142\u0105czniki do pobrania dot. dodatku mieszkaniowego<\/h3>\n\n\n\n<ol class=\"wp-block-list\">\n<li><a href=\"http:\/\/ops.wyszkow.pl\/wp-content\/uploads\/DM\/Wniosek_o_przyznanie_dodatku_mieszkaniowego.pdf\">Wniosek o przyznanie dodatku mieszkaniowego (pdf, 1.71 MB)<\/a><\/li>\n\n\n\n<li><a href=\"http:\/\/ops.wyszkow.pl\/wp-content\/uploads\/DM\/Deklaracja o wysoko\u015bci dochod\u00f3w.pdf\">Deklaracja o wysoko\u015bci dochod\u00f3w (pdf, 0.76 MB)<\/a><\/li>\n\n\n\n<li><a href=\"http:\/\/ops.wyszkow.pl\/wp-content\/uploads\/DM\/Zaswiadczenie_o_zarobkach_dochod_z_ostatnich_3_miesiecy.pdf\">Za\u015bwiadczenie o zarobkach &#8211; doch\u00f3d z ostatnich 3 miesi\u0119cy (pdf, 98 KB)<\/a><\/li>\n\n\n\n<li><a href=\"http:\/\/ops.wyszkow.pl\/wp-content\/uploads\/DM\/klauzula_dodatek_mieszkaniowy.pdf\">Klauzula informacyjna (pdf, 122 KB)<\/a><\/li>\n<\/ol>\n\n\n\n<p><\/p>\n","protected":false},"excerpt":{"rendered":"<p>Je\u015bli Twoja sytuacja materialna jest trudna, mo\u017cesz skorzysta\u0107 z pomocy w formie dodatku mieszkaniowego przeznaczonego na utrzymanie posiadanego lub wynajmowanego mieszkania lub domu jednorodzinnego. Warunkiem uzyskania takiej pomocy jest spe\u0142nienie kryteri\u00f3w dochodowych. Tw\u00f3j \u015bredni miesi\u0119czny doch\u00f3d w okresie 3 miesi\u0119cy poprzedzaj\u0105cych dat\u0119 z\u0142o\u017cenia wniosku o przyznanie dodatku mieszkaniowego nie mo\u017ce przekroczy\u0107 kwoty 3.272,69 z\u0142, w &hellip; <a href=\"https:\/\/ops.wyszkow.pl\/?page_id=6832\" class=\"more-link\">Continue reading <span class=\"screen-reader-text\">Dodatek mieszkaniowy<\/span> <span class=\"meta-nav\">&rarr;<\/span><\/a><\/p>\n","protected":false},"author":1,"featured_media":0,"parent":0,"menu_order":0,"comment_status":"closed","ping_status":"closed","template":"","meta":{"ngg_post_thumbnail":0,"footnotes":""},"class_list":["post-6832","page","type-page","status-publish","hentry"],"_links":{"self":[{"href":"https:\/\/ops.wyszkow.pl\/index.php?rest_route=\/wp\/v2\/pages\/6832","targetHints":{"allow":["GET"]}}],"collection":[{"href":"https:\/\/ops.wyszkow.pl\/index.php?rest_route=\/wp\/v2\/pages"}],"about":[{"href":"https:\/\/ops.wyszkow.pl\/index.php?rest_route=\/wp\/v2\/types\/page"}],"author":[{"embeddable":true,"href":"https:\/\/ops.wyszkow.pl\/index.php?rest_route=\/wp\/v2\/users\/1"}],"replies":[{"embeddable":true,"href":"https:\/\/ops.wyszkow.pl\/index.php?rest_route=%2Fwp%2Fv2%2Fcomments&post=6832"}],"version-history":[{"count":9,"href":"https:\/\/ops.wyszkow.pl\/index.php?rest_route=\/wp\/v2\/pages\/6832\/revisions"}],"predecessor-version":[{"id":9419,"href":"https:\/\/ops.wyszkow.pl\/index.php?rest_route=\/wp\/v2\/pages\/6832\/revisions\/9419"}],"wp:attachment":[{"href":"https:\/\/ops.wyszkow.pl\/index.php?rest_route=%2Fwp%2Fv2%2Fmedia&parent=6832"}],"curies":[{"name":"wp","href":"https:\/\/api.w.org\/{rel}","templated":true}]}}