{"id":6849,"date":"2022-02-01T12:57:29","date_gmt":"2022-02-01T11:57:29","guid":{"rendered":"https:\/\/ops.wyszkow.pl\/?page_id=6849"},"modified":"2025-11-19T10:13:44","modified_gmt":"2025-11-19T09:13:44","slug":"zasilek-pielegnacyjny","status":"publish","type":"page","link":"https:\/\/ops.wyszkow.pl\/?page_id=6849","title":{"rendered":"Zasi\u0142ek piel\u0119gnacyjny"},"content":{"rendered":"\n<h3 class=\"wp-block-heading\"><\/h3>\n\n\n\n<p><strong>Wysoko\u015b\u0107 zasi\u0142ku piel\u0119gnacyjnego od 1 listopada 2019 r. wynosi 215,84 z\u0142 miesi\u0119cznie.<br><\/strong><br>Zasi\u0142ek piel\u0119gnacyjny przyznaje si\u0119 w celu cz\u0119\u015bciowego pokrycia wydatk\u00f3w wynikaj\u0105cych z konieczno\u015bci zapewnienia opieki i pomocy innej osoby w zwi\u0105zku z niezdolno\u015bci\u0105 do samodzielnej egzystencji.<br><br><strong>Zasi\u0142ek piel\u0119gnacyjny przys\u0142uguje:<\/strong><br>&#8211; niepe\u0142nosprawnemu dziecku;<br>&#8211; osobie niepe\u0142nosprawnej w wieku powy\u017cej 16 roku \u017cycia, je\u017celi legitymuje si\u0119 orzeczeniem o znacznym stopniu niepe\u0142nosprawno\u015bci;<br>&#8211; osobie niepe\u0142nosprawnej w wieku powy\u017cej 16 roku \u017cycia legitymuj\u0105cej si\u0119 orzeczeniem o umiarkowanym stopniu niepe\u0142nosprawno\u015bci, je\u017celi niepe\u0142nosprawno\u015b\u0107 powsta\u0142a w wieku do uko\u0144czenia 21 roku \u017cycia;<br>&#8211; osobie, kt\u00f3ra uko\u0144czy\u0142a 75 lat.<\/p>\n\n\n\n<p><strong>Zasi\u0142ek piel\u0119gnacyjny nie przys\u0142uguje:<\/strong><br>&#8211; osobie uprawnionej do dodatku piel\u0119gnacyjnego;<br>&#8211; osobie umieszczonej w instytucji zapewniaj\u0105cej nieodp\u0142atnie ca\u0142odobowe utrzymanie;<br>&#8211; je\u017celi cz\u0142onkowi rodziny przys\u0142uguje za granic\u0105 \u015bwiadczenie na pokrycie wydatk\u00f3w zwi\u0105zanych z piel\u0119gnacj\u0105 tej osoby, chyba \u017ce przepisy o koordynacji system\u00f3w zabezpieczenia spo\u0142ecznego lub dwustronne umowy o zabezpieczeniu spo\u0142ecznym stanowi\u0105 inaczej.<\/p>\n\n\n\n<p><em>\u0179r\u00f3d\u0142o: www.gov.pl<\/em><\/p>\n\n\n\n<ol class=\"wp-block-list\">\n<li><a href=\"http:\/\/ops.wyszkow.pl\/wp-content\/uploads\/ZP\/Wniosek o ustalenie prawa do zasi\u0142ku piel\u0119gnacyjnego.pdf\">Wniosek o ustalenie prawa do zasi\u0142ku piel\u0119gnacyjnego (PDF, 108 KB)<\/a><\/li>\n\n\n\n<li><a href=\"https:\/\/ops.wyszkow.pl\/wp-content\/uploads\/ZP\/Oswiadczenie_do_wniosku_o_zasilek_pielegnacyjny_dla_osoby_doroslej.pdf\">O\u015bwiadczenie do wniosku o zasi\u0142ek piel\u0119gnacyjny dla osoby doros\u0142ej (PDF, 44 KB)<\/a><\/li>\n\n\n\n<li><a href=\"https:\/\/ops.wyszkow.pl\/wp-content\/uploads\/ZP\/3_OSWIADCZENIE_DO_WNIOSKU_O_ZASILEK_PIELEGNACYJNY_W_SPRAWIE_ODWOLANIA.pdf\">O\u015bwiadczenie do wniosku o zasi\u0142ek piel\u0119gnacyjny w sprawie odwo\u0142ania (PDF, 150 KB)<\/a><\/li>\n<\/ol>\n\n\n\n<p><\/p>\n","protected":false},"excerpt":{"rendered":"<p>Wysoko\u015b\u0107 zasi\u0142ku piel\u0119gnacyjnego od 1 listopada 2019 r. wynosi 215,84 z\u0142 miesi\u0119cznie.Zasi\u0142ek piel\u0119gnacyjny przyznaje si\u0119 w celu cz\u0119\u015bciowego pokrycia wydatk\u00f3w wynikaj\u0105cych z konieczno\u015bci zapewnienia opieki i pomocy innej osoby w zwi\u0105zku z niezdolno\u015bci\u0105 do samodzielnej egzystencji. Zasi\u0142ek piel\u0119gnacyjny przys\u0142uguje:&#8211; niepe\u0142nosprawnemu dziecku;&#8211; osobie niepe\u0142nosprawnej w wieku powy\u017cej 16 roku \u017cycia, je\u017celi legitymuje si\u0119 orzeczeniem o znacznym &hellip; <a href=\"https:\/\/ops.wyszkow.pl\/?page_id=6849\" class=\"more-link\">Continue reading <span class=\"screen-reader-text\">Zasi\u0142ek piel\u0119gnacyjny<\/span> <span class=\"meta-nav\">&rarr;<\/span><\/a><\/p>\n","protected":false},"author":1,"featured_media":0,"parent":0,"menu_order":0,"comment_status":"closed","ping_status":"closed","template":"","meta":{"ngg_post_thumbnail":0,"footnotes":""},"class_list":["post-6849","page","type-page","status-publish","hentry"],"_links":{"self":[{"href":"https:\/\/ops.wyszkow.pl\/index.php?rest_route=\/wp\/v2\/pages\/6849","targetHints":{"allow":["GET"]}}],"collection":[{"href":"https:\/\/ops.wyszkow.pl\/index.php?rest_route=\/wp\/v2\/pages"}],"about":[{"href":"https:\/\/ops.wyszkow.pl\/index.php?rest_route=\/wp\/v2\/types\/page"}],"author":[{"embeddable":true,"href":"https:\/\/ops.wyszkow.pl\/index.php?rest_route=\/wp\/v2\/users\/1"}],"replies":[{"embeddable":true,"href":"https:\/\/ops.wyszkow.pl\/index.php?rest_route=%2Fwp%2Fv2%2Fcomments&post=6849"}],"version-history":[{"count":3,"href":"https:\/\/ops.wyszkow.pl\/index.php?rest_route=\/wp\/v2\/pages\/6849\/revisions"}],"predecessor-version":[{"id":9424,"href":"https:\/\/ops.wyszkow.pl\/index.php?rest_route=\/wp\/v2\/pages\/6849\/revisions\/9424"}],"wp:attachment":[{"href":"https:\/\/ops.wyszkow.pl\/index.php?rest_route=%2Fwp%2Fv2%2Fmedia&parent=6849"}],"curies":[{"name":"wp","href":"https:\/\/api.w.org\/{rel}","templated":true}]}}