{"id":8064,"date":"2023-10-17T08:34:37","date_gmt":"2023-10-17T07:34:37","guid":{"rendered":"https:\/\/ops.wyszkow.pl\/?page_id=8064"},"modified":"2026-05-04T08:26:46","modified_gmt":"2026-05-04T07:26:46","slug":"uslugi-opiekuncze","status":"publish","type":"page","link":"https:\/\/ops.wyszkow.pl\/?page_id=8064","title":{"rendered":"Us\u0142ugi opieku\u0144cze"},"content":{"rendered":"\n<p>Na terenie Gminy Wyszk\u00f3w O\u015brodek Pomocy Spo\u0142ecznej mo\u017ce zapewni\u0107 pomoc w formie us\u0142ug opieku\u0144czych osobie samotnej, kt\u00f3ra z powodu wieku, choroby lub innych przyczyn wymaga pomocy innych os\u00f3b. Powy\u017csze us\u0142ugi obejmuj\u0105 pomoc w zaspokajaniu codziennych potrzeb \u017cyciowych, opiek\u0119 higieniczn\u0105, zalecon\u0105 przez lekarza piel\u0119gnacj\u0119 oraz, w miar\u0119 mo\u017cliwo\u015bci, zapewnienie kontakt\u00f3w z otoczeniem. Ww. us\u0142ugi s\u0105 odp\u0142atne w zale\u017cno\u015bci od dochodu. Wysoko\u015b\u0107 odp\u0142atno\u015bci za korzystanie z us\u0142ug zale\u017cy od dochodu osoby zainteresowanej. Szczeg\u00f3\u0142y okre\u015bla uchwa\u0142a Rady Miejskiej w Wyszkowie:<\/p>\n\n\n\n<p><a href=\"https:\/\/bip.wyszkow.pl\/pliki\/rada_miejska\/uchwaly_rm\/2013\/28_XI\/uchwala_XLII_434_2013.pdf\">https:\/\/bip.wyszkow.pl\/pliki\/rada_miejska\/uchwaly_rm\/2013\/28_XI\/uchwala_XLII_434_2013.pdf<\/a><\/p>\n\n\n\n<p><a href=\"https:\/\/edziennik.mazowieckie.pl\/WDU_W\/2026\/3283\/oryginal\/akt.pdf\">https:\/\/edziennik.mazowieckie.pl\/WDU_W\/2026\/3283\/oryginal\/akt.pdf<\/a><\/p>\n\n\n\n<p>Us\u0142ugi \u015bwiadczone przez: Oddzia\u0142 Rejonowy Polskiego Czerwonego Krzy\u017ca,<br>07-200 Wyszk\u00f3w, ul. \u015awi\u0119toja\u0144ska 82\/1<\/p>\n\n\n\n<p><strong>Op\u0142aty za us\u0142ugi opieku\u0144cze ustala si\u0119 wg poni\u017cszych tabel: od 01.01.2026 r. do 31.12.2026r. zgodnie z Uchwa\u0142\u0105 Nr XLII\/434\/13 Rady Miejskiej z dnia 28 listopada 2013 r.<\/strong><\/p>\n\n\n\n<figure class=\"wp-block-table is-style-stripes\"><table><tbody><tr><td colspan=\"2\">Miesi\u0119czny doch\u00f3d osoby samotnie gospodaruj\u0105cej w relacji do kryterium dochodowego okre\u015blonego w art. 8 ustawy o pomocy spo\u0142ecznej<\/td><td colspan=\"3\"><br>Warto\u015b\u0107 op\u0142aty w relacji do ceny us\u0142ugi \u2013 w procentach<\/td><\/tr><tr><td><strong>Powy\u017cej<\/strong><\/td><td><strong>Do<\/strong><\/td><td colspan=\"3\"><strong>Osoby samotnie gospodaruj\u0105ce<\/strong><\/td><\/tr><tr><td><br><\/td><td><br><\/td><td><strong>odp\u0142atno\u015b\u0107<\/strong><\/td><td><strong>stawka za godz.<\/strong><\/td><td><\/td><\/tr><tr><td><\/td><td><strong>1 010,00 z\u0142 kryterium<\/strong><\/td><td><strong>%<\/strong><\/td><td><strong>41,00 z\u0142<\/strong><\/td><td><br><\/td><\/tr><tr><td><\/td><td><strong>1 818,00 z\u0142<\/strong><\/td><td>bezp\u0142atnie<\/td><td><strong>0,00 z\u0142<\/strong><\/td><td><\/td><\/tr><tr><td><strong>1 818,00 z\u0142<\/strong><\/td><td><strong>2 121,00 z\u0142<\/strong><\/td><td>bezp\u0142atnie<\/td><td><strong>0,00 z\u0142<\/strong><\/td><td><\/td><\/tr><tr><td><strong>2 121,00 z\u0142<\/strong><\/td><td><strong>2 424,00 z\u0142<\/strong><\/td><td>10<\/td><td><strong>4,10 z\u0142<\/strong><\/td><td><\/td><\/tr><tr><td><strong>2 424,00 z\u0142<\/strong><\/td><td><strong>2 727,00 <\/strong><strong>z\u0142<\/strong><\/td><td>15<\/td><td><strong>6,15 z\u0142<\/strong><\/td><td><\/td><\/tr><tr><td><strong>2 727,00 <\/strong><strong>z\u0142<\/strong><\/td><td><strong>3 030,00 z\u0142<\/strong><\/td><td>30<\/td><td><strong>12,30 z\u0142<\/strong><\/td><td><\/td><\/tr><tr><td><strong>3 030,00 z\u0142<\/strong><\/td><td><strong>3 333,00 <\/strong><strong>z\u0142<\/strong><\/td><td>50<\/td><td><strong>20,50 z\u0142<\/strong><\/td><td><\/td><\/tr><tr><td><strong>3 333,00 z\u0142<\/strong><\/td><td><strong>3 636,00 z\u0142<\/strong><\/td><td>70<\/td><td><strong>28,70 z\u0142<\/strong><\/td><td><\/td><\/tr><tr><td><strong>Powy\u017cej<br>3 636,00z\u0142<\/strong><\/td><td><br><\/td><td>100<\/td><td><strong>41,00 z\u0142<\/strong><\/td><td><\/td><\/tr><\/tbody><\/table><\/figure>\n\n\n\n<figure class=\"wp-block-table is-style-stripes\"><table><tbody><tr><td colspan=\"2\">Miesi\u0119czny doch\u00f3d osoby w rodzinie w relacji do kryterium dochodowego okre\u015blonego w art. 8 ustawy o pomocy spo\u0142ecznej<\/td><td colspan=\"2\"><br>Warto\u015b\u0107 op\u0142aty w relacji do ceny us\u0142ugi \u2013 w procentach<\/td><\/tr><tr><td><strong>Powy\u017cej<\/strong><\/td><td><strong>Do<\/strong><\/td><td colspan=\"2\"><strong>Osoby w w rodzinie<\/strong><\/td><\/tr><tr><td><\/td><td><\/td><td><strong>odp\u0142atno\u015b\u0107<\/strong><\/td><td><strong>stawka za godz.<\/strong><\/td><\/tr><tr><td><\/td><td><strong>823,00 z\u0142 kryterium<\/strong><\/td><td><strong>%<\/strong><\/td><td><strong>41,00 z\u0142<\/strong><\/td><\/tr><tr><td><\/td><td><strong>1 481<\/strong><strong>,4<\/strong><strong>0 z\u0142<\/strong><\/td><td>bezp\u0142atnie<\/td><td><strong>0,00 z\u0142<\/strong><\/td><\/tr><tr><td><strong><strong>1 481,40 z\u0142<\/strong><\/strong><\/td><td><strong>1 728,30 z\u0142<\/strong><\/td><td>10<\/td><td><strong>4,10 z\u0142<\/strong><\/td><\/tr><tr><td><strong><strong>1 728,30 z\u0142<\/strong><\/strong><\/td><td><strong>1 975<\/strong><strong>,20 z<\/strong>\u0142<\/td><td>20<\/td><td><strong>8,20 z\u0142<\/strong><\/td><\/tr><tr><td><strong>1 975,20 z<\/strong>\u0142<\/td><td><strong>2 222<\/strong><strong>,10 <\/strong><strong>z\u0142<\/strong><\/td><td>30<\/td><td><strong>12,30 z\u0142<\/strong><\/td><\/tr><tr><td><strong><strong>2 222,10 z\u0142<\/strong><\/strong><\/td><td><strong>2 469,00 z\u0142<\/strong><\/td><td>50<\/td><td><strong>20,50 z\u0142<\/strong><\/td><\/tr><tr><td><strong><strong>2 469,00 z\u0142<\/strong><\/strong><\/td><td><strong>2 715,90 z\u0142<\/strong><\/td><td>70<\/td><td><strong>28,70 z\u0142<\/strong><\/td><\/tr><tr><td><strong>Powy\u017cej<br><strong>2 715,90<\/strong> z\u0142<\/strong><\/td><td><br><\/td><td>100<\/td><td><strong>41,00 z\u0142<\/strong><\/td><\/tr><\/tbody><\/table><\/figure>\n","protected":false},"excerpt":{"rendered":"<p>Na terenie Gminy Wyszk\u00f3w O\u015brodek Pomocy Spo\u0142ecznej mo\u017ce zapewni\u0107 pomoc w formie us\u0142ug opieku\u0144czych osobie samotnej, kt\u00f3ra z powodu wieku, choroby lub innych przyczyn wymaga pomocy innych os\u00f3b. Powy\u017csze us\u0142ugi obejmuj\u0105 pomoc w zaspokajaniu codziennych potrzeb \u017cyciowych, opiek\u0119 higieniczn\u0105, zalecon\u0105 przez lekarza piel\u0119gnacj\u0119 oraz, w miar\u0119 mo\u017cliwo\u015bci, zapewnienie kontakt\u00f3w z otoczeniem. Ww. us\u0142ugi s\u0105 odp\u0142atne &hellip; <a href=\"https:\/\/ops.wyszkow.pl\/?page_id=8064\" class=\"more-link\">Continue reading <span class=\"screen-reader-text\">Us\u0142ugi opieku\u0144cze<\/span> <span class=\"meta-nav\">&rarr;<\/span><\/a><\/p>\n","protected":false},"author":1,"featured_media":0,"parent":0,"menu_order":0,"comment_status":"closed","ping_status":"closed","template":"","meta":{"ngg_post_thumbnail":0,"footnotes":""},"class_list":["post-8064","page","type-page","status-publish","hentry"],"_links":{"self":[{"href":"https:\/\/ops.wyszkow.pl\/index.php?rest_route=\/wp\/v2\/pages\/8064","targetHints":{"allow":["GET"]}}],"collection":[{"href":"https:\/\/ops.wyszkow.pl\/index.php?rest_route=\/wp\/v2\/pages"}],"about":[{"href":"https:\/\/ops.wyszkow.pl\/index.php?rest_route=\/wp\/v2\/types\/page"}],"author":[{"embeddable":true,"href":"https:\/\/ops.wyszkow.pl\/index.php?rest_route=\/wp\/v2\/users\/1"}],"replies":[{"embeddable":true,"href":"https:\/\/ops.wyszkow.pl\/index.php?rest_route=%2Fwp%2Fv2%2Fcomments&post=8064"}],"version-history":[{"count":12,"href":"https:\/\/ops.wyszkow.pl\/index.php?rest_route=\/wp\/v2\/pages\/8064\/revisions"}],"predecessor-version":[{"id":9665,"href":"https:\/\/ops.wyszkow.pl\/index.php?rest_route=\/wp\/v2\/pages\/8064\/revisions\/9665"}],"wp:attachment":[{"href":"https:\/\/ops.wyszkow.pl\/index.php?rest_route=%2Fwp%2Fv2%2Fmedia&parent=8064"}],"curies":[{"name":"wp","href":"https:\/\/api.w.org\/{rel}","templated":true}]}}