{"id":8967,"date":"2025-03-26T09:07:05","date_gmt":"2025-03-26T08:07:05","guid":{"rendered":"https:\/\/ops.wyszkow.pl\/?page_id=8967"},"modified":"2025-03-26T09:07:05","modified_gmt":"2025-03-26T08:07:05","slug":"uchwala-nr-62-rady-ministrow-2025","status":"publish","type":"page","link":"https:\/\/ops.wyszkow.pl\/?page_id=8967","title":{"rendered":"Uchwa\u0142a Nr 62 Rady Ministr\u00f3w 2025"},"content":{"rendered":"\n<p><strong>Rz\u0105dowy program \u201eDofinansowanie wynagrodze\u0144 pracownik\u00f3w jednostek organizacyjnych pomocy spo\u0142ecznej w postaci dodatku motywacyjnego na lata 2024-2027\u201d \u2013 Uchwa\u0142a Nr 62 Rady Ministr\u00f3w<\/strong><\/p>\n\n\n\n<figure class=\"wp-block-image size-full\"><a href=\"http:\/\/ops.wyszkow.pl\/wp-content\/uploads\/2024\/08\/flaga_RP_Godlo_RP_grafika-1024x341-1.png\"><img loading=\"lazy\" decoding=\"async\" width=\"1024\" height=\"341\" src=\"http:\/\/ops.wyszkow.pl\/wp-content\/uploads\/2024\/08\/flaga_RP_Godlo_RP_grafika-1024x341-1.png\" alt=\"Flaga i God\u0142o RP\" class=\"wp-image-8592\" srcset=\"https:\/\/ops.wyszkow.pl\/wp-content\/uploads\/2024\/08\/flaga_RP_Godlo_RP_grafika-1024x341-1.png 1024w, https:\/\/ops.wyszkow.pl\/wp-content\/uploads\/2024\/08\/flaga_RP_Godlo_RP_grafika-1024x341-1-300x100.png 300w, https:\/\/ops.wyszkow.pl\/wp-content\/uploads\/2024\/08\/flaga_RP_Godlo_RP_grafika-1024x341-1-768x256.png 768w\" sizes=\"auto, (max-width: 1024px) 100vw, 1024px\" \/><\/a><figcaption class=\"wp-element-caption\">Flaga i God\u0142o RP<\/figcaption><\/figure>\n\n\n\n<p>Gmina Wyszk\u00f3w przyst\u0105pi\u0142a do realizacji rz\u0105dowego programu \u201eDofinansowanie wynagrodze\u0144 pracownik\u00f3w jednostek organizacyjnych pomocy spo\u0142ecznej w postaci dodatku motywacyjnego na lata 2024-2027\u201d finansowanego z dotacji celowej bud\u017cetu pa\u0144stwa.<\/p>\n\n\n\n<p>W ramach umowy podpisanej w marcu 2025r. dofinansowanie w 2025r. wynagrodze\u0144 dla kadr pomocy spo\u0142ecznej wynios\u0142o:<\/p>\n\n\n\n<p>DOFINANSOWANIE \u2013 658.796,00 z\u0142<\/p>\n\n\n\n<p>CA\u0141KOWITA WARTO\u015a\u0106&nbsp; \u2013 658.796,00 z\u0142<\/p>\n\n\n\n<p>Celem programu jest dofinansowanie wynagrodze\u0144 dla pracownik\u00f3w zatrudnionych w jednostkach organizacyjnych pomocy spo\u0142ecznej realizuj\u0105cych zadania z zakresu pomocy spo\u0142ecznej, w postaci dodatku motywacyjnego.<\/p>\n\n\n\n<p>Plakat informacyjny zbiorczy<\/p>\n\n\n\n<figure class=\"wp-block-image\"><a href=\"https:\/\/ops.wyszkow.pl\/wp-content\/uploads\/2025\/03\/Plakat.jpg\"><img loading=\"lazy\" decoding=\"async\" width=\"631\" height=\"895\" src=\"https:\/\/ops.wyszkow.pl\/wp-content\/uploads\/2025\/03\/Plakat.jpg\" alt=\"Plakat DOFINANSOWANO ZE \u015aRODK\u00d3W BUD\u017bETU PA\u0143STWA\t\n\nDOFINANSOWANIE WYNAGRODZE\u0143 PRACOWNIK\u00d3W JEDNOSTEK ORGANIZACYJNYCH POMOCY SPO\u0141ECZNEJ W POSTACI DODATKU MOTYWACYJNEGO\nNA LATA 2024 \u2013 2027\nDofinansowanie w 2025 r. wynagrodze\u0144 dla kadr pomocy spo\u0142ecznej \n\nDOFINANSOWANIE WYNAGRODZE\u0143 PRACOWNIK\u00d3W JEDNOSTEK WSPIERANIA RODZINY I SYSTEMU PIECZY ZAST\u0118PCZEJ\nNA LATA 2024 \u2013 2027\n\nDofinansowanie w 2025 r. wynagrodze\u0144 pracownik\u00f3w wspierania rodziny i systemu pieczy zast\u0119pczej \n\" class=\"wp-image-8963\" srcset=\"https:\/\/ops.wyszkow.pl\/wp-content\/uploads\/2025\/03\/Plakat.jpg 631w, https:\/\/ops.wyszkow.pl\/wp-content\/uploads\/2025\/03\/Plakat-212x300.jpg 212w\" sizes=\"auto, (max-width: 631px) 100vw, 631px\" \/><\/a><\/figure>\n","protected":false},"excerpt":{"rendered":"<p>Rz\u0105dowy program \u201eDofinansowanie wynagrodze\u0144 pracownik\u00f3w jednostek organizacyjnych pomocy spo\u0142ecznej w postaci dodatku motywacyjnego na lata 2024-2027\u201d \u2013 Uchwa\u0142a Nr 62 Rady Ministr\u00f3w Gmina Wyszk\u00f3w przyst\u0105pi\u0142a do realizacji rz\u0105dowego programu \u201eDofinansowanie wynagrodze\u0144 pracownik\u00f3w jednostek organizacyjnych pomocy spo\u0142ecznej w postaci dodatku motywacyjnego na lata 2024-2027\u201d finansowanego z dotacji celowej bud\u017cetu pa\u0144stwa. W ramach umowy podpisanej w marcu &hellip; <a href=\"https:\/\/ops.wyszkow.pl\/?page_id=8967\" class=\"more-link\">Continue reading <span class=\"screen-reader-text\">Uchwa\u0142a Nr 62 Rady Ministr\u00f3w 2025<\/span> <span class=\"meta-nav\">&rarr;<\/span><\/a><\/p>\n","protected":false},"author":1,"featured_media":0,"parent":0,"menu_order":0,"comment_status":"closed","ping_status":"closed","template":"","meta":{"ngg_post_thumbnail":0,"footnotes":""},"class_list":["post-8967","page","type-page","status-publish","hentry"],"_links":{"self":[{"href":"https:\/\/ops.wyszkow.pl\/index.php?rest_route=\/wp\/v2\/pages\/8967","targetHints":{"allow":["GET"]}}],"collection":[{"href":"https:\/\/ops.wyszkow.pl\/index.php?rest_route=\/wp\/v2\/pages"}],"about":[{"href":"https:\/\/ops.wyszkow.pl\/index.php?rest_route=\/wp\/v2\/types\/page"}],"author":[{"embeddable":true,"href":"https:\/\/ops.wyszkow.pl\/index.php?rest_route=\/wp\/v2\/users\/1"}],"replies":[{"embeddable":true,"href":"https:\/\/ops.wyszkow.pl\/index.php?rest_route=%2Fwp%2Fv2%2Fcomments&post=8967"}],"version-history":[{"count":1,"href":"https:\/\/ops.wyszkow.pl\/index.php?rest_route=\/wp\/v2\/pages\/8967\/revisions"}],"predecessor-version":[{"id":8969,"href":"https:\/\/ops.wyszkow.pl\/index.php?rest_route=\/wp\/v2\/pages\/8967\/revisions\/8969"}],"wp:attachment":[{"href":"https:\/\/ops.wyszkow.pl\/index.php?rest_route=%2Fwp%2Fv2%2Fmedia&parent=8967"}],"curies":[{"name":"wp","href":"https:\/\/api.w.org\/{rel}","templated":true}]}}