{"id":9535,"date":"2026-02-12T09:06:27","date_gmt":"2026-02-12T08:06:27","guid":{"rendered":"https:\/\/ops.wyszkow.pl\/?page_id=9535"},"modified":"2026-02-12T12:00:21","modified_gmt":"2026-02-12T11:00:21","slug":"program-opieka-wytchnieniowa-dla-jednostek-samorzadu-terytorialnego-edycja-2026","status":"publish","type":"page","link":"https:\/\/ops.wyszkow.pl\/?page_id=9535","title":{"rendered":"Program \u201cOpieka wytchnieniowa\u201d dla Jednostek Samorz\u0105du Terytorialnego \u2013 edycja 2026"},"content":{"rendered":"\n<h2 class=\"wp-block-heading\"><strong>Nab\u00f3r uczestnik\u00f3w do <\/strong><strong>P<\/strong><strong>rogramu \u201eOpieka wytchnieniowa\u201d dla Jednostek Samorz\u0105du Terytorialnego- edycja 2026<\/strong><\/h2>\n\n\n\n<p><\/p>\n\n\n\n<figure class=\"wp-block-image size-full\"><a href=\"https:\/\/ops.wyszkow.pl\/wp-content\/uploads\/2026\/02\/PL_RP_MRiPS.jpg\"><img loading=\"lazy\" decoding=\"async\" width=\"723\" height=\"116\" src=\"https:\/\/ops.wyszkow.pl\/wp-content\/uploads\/2026\/02\/PL_RP_MRiPS.jpg\" alt=\"Logo MRiPS Flaga Polski i God\u0142o RP\" class=\"wp-image-9540\" srcset=\"https:\/\/ops.wyszkow.pl\/wp-content\/uploads\/2026\/02\/PL_RP_MRiPS.jpg 723w, https:\/\/ops.wyszkow.pl\/wp-content\/uploads\/2026\/02\/PL_RP_MRiPS-300x48.jpg 300w\" sizes=\"auto, (max-width: 723px) 100vw, 723px\" \/><\/a><\/figure>\n\n\n\n<p><strong>Gmina Wyszk\u00f3w\/ <\/strong><strong>O\u015brodek Pomocy Spo\u0142ecznej w Wyszkowie<\/strong><strong> <\/strong><strong>po raz czwarty przyst\u0105pi<\/strong><strong> do realizacji resortowego Programu Ministra Rodziny, Pracy i Polityki Spo\u0142ecznej finansowanego ze \u015brodk\u00f3w Funduszu Solidarno\u015bciowego Program \u201e<\/strong><em><strong>Opieka Wytchnieniowa\u201d dla Jednostek Samorz\u0105du Terytorialnego \u2013 edycja 202<\/strong><\/em><em><strong>6<\/strong><\/em><em><strong>.<\/strong><\/em><\/p>\n\n\n\n<p><strong>Na realizacj\u0119 zadania pozyskano \u015brodki w kwocie <\/strong><strong>6<\/strong><strong>0<\/strong><strong> <\/strong><strong>941<\/strong><strong>,<\/strong><strong>94<\/strong><strong>&nbsp;<\/strong><strong>z\u0142, co stanowi 100% warto\u015bci Programu.<\/strong><\/p>\n\n\n\n<p>O\u015brodek Pomocy Spo\u0142ecznej w Wyszkowie og\u0142asza nab\u00f3r uczestnik\u00f3w do Programu \u201eOpieka Wytchnieniowa\u201d dla Jednostek Samorz\u0105du Terytorialnego \u2013 edycja 2026 finansowanego ze \u015arodk\u00f3w Funduszu Solidarno\u015bciowego.<\/p>\n\n\n\n<p><strong>Celem Programu jest wsparcie cz\u0142onk\u00f3w rodzin lub opiekun\u00f3w, kt\u00f3rzy sprawuj\u0105 bezpo\u015bredni\u0105 opiek\u0119 nad:<\/strong><\/p>\n\n\n\n<ul class=\"wp-block-list\">\n<li>dzie\u0107mi od uko\u0144czenia 2. roku \u017cycia do uko\u0144czenia 16. roku \u017cycia posiadaj\u0105cymi orzeczenie o niepe\u0142nosprawno\u015bci,<\/li>\n\n\n\n<li>osobami niepe\u0142nosprawnymi posiadaj\u0105cymi: orzeczenie o znacznym stopniu niepe\u0142nosprawno\u015bci; orzeczenie traktowane na r\u00f3wni z orzeczeniem wymienionym w lit. a, zgodnie z art. 5 i art. 62 ustawy z dnia 27 sierpnia 1997 r. o rehabilitacji zawodowej i spo\u0142ecznej oraz zatrudnianiu os\u00f3b niepe\u0142nosprawnych (Dz. U. z 2025 r. poz. 913).<br>&nbsp;<\/li>\n<\/ul>\n\n\n\n<p>Program zapewnia <strong>czasow\u0105 pomoc <\/strong>w formie us\u0142ug opieki wytchnieniowej, maj\u0105cych na celu odci\u0105\u017cenie cz\u0142onk\u00f3w rodzin i lub opiekun\u00f3w os\u00f3b z niepe\u0142nosprawno\u015bciami poprzez wsparcie w codziennych obowi\u0105zkach, przez zapewnienie czasowego zast\u0119pstwa w tym zakresie. Dzi\u0119ki temu wsparciu osoby sprawuj\u0105ce opiek\u0119 b\u0119d\u0105 mog\u0142y skorzysta\u0107 z czasu na odpoczynek, regeneracj\u0119 oraz za\u0142atwienie niezb\u0119dnych spraw \u017cyciowych. Us\u0142ugi opieki wytchnieniowej stanowi\u0105 r\u00f3wnie\u017c wsparcie w sytuacjach, gdy opiekunowie nie s\u0105 w stanie pe\u0142ni\u0107 swoich obowi\u0105zk\u00f3w przez okre\u015blony czas.<\/p>\n\n\n\n<p><strong>Us\u0142ugi opieki wytchnieniowej przys\u0142uguj\u0105 w przypadku zamieszkiwania cz\u0142onka rodziny lub opiekuna we wsp\u00f3lnym gospodarstwie domowym z osob\u0105 z niepe\u0142nosprawno\u015bci\u0105, kt\u00f3ra wymaga sta\u0142ego wsparcia w zakresie codziennych czynno\u015bci.<\/strong><\/p>\n\n\n\n<p><strong>Programem Opieka Wytchnieniowa na terenie Gminy Wyszk\u00f3w obj\u0119tych\u00a0 b\u0119dzie <\/strong><strong>1<\/strong><strong>4<\/strong><strong>\u00a0os\u00f3b <\/strong><strong>z niepe\u0142nosprawno\u015bciami<\/strong>, <strong>w tym <\/strong><strong>10<\/strong><strong>\u00a0dzieci<\/strong>\u00a0z orzeczeniem o niepe\u0142nosprawno\u015bci <strong>i\u00a0<\/strong><strong>4<\/strong><strong> os<\/strong><strong>oby <\/strong>z orzeczeniem o znacznym stopniu niepe\u0142nosprawno\u015bci albo orzeczeniem r\u00f3wnowa\u017cnym do wy\u017cej wymienionego wydanym na podstawie ustawy z dnia 27 sierpnia 1997 r. o rehabilitacji zawodowej i spo\u0142ecznej oraz zatrudnianiu os\u00f3b niepe\u0142nosprawnych.<\/p>\n\n\n\n<p><strong>W ramach programu \u015bwiadczone b\u0119d\u0105 us\u0142ugi opieki wytchnieniowej w formie pobytu ca\u0142odobowego<\/strong> w miejscu wskazanym przez uczestnika lub Realizatora Programu <strong>w wymiarze 1<\/strong><strong>2<\/strong><strong> dni na osob\u0119 \u2013 dla os\u00f3b ze znacznym stopniem niepe\u0142nosprawno\u015bci oraz <\/strong><strong>5<\/strong><strong> dni na osob\u0119 \u2013 dla dzieci posiadaj\u0105cych orzeczenie o niepe\u0142nosprawno\u015bci.<\/strong><\/p>\n\n\n\n<p><strong>Osoby zainteresowane uczestnictwem w Programie prosimy o zapoznanie si\u0119 z tre\u015bci\u0105 Programu \u201dOpieka Wytchnieniowa\u201d dla Jednostek Samorz\u0105du Terytorialnego \u2013 edycja 202<\/strong><strong>6, <\/strong><strong>tak\u017ce zach\u0119camy do wype\u0142nienia i z\u0142o\u017cenia <\/strong><strong><u>karty zg\u0142oszeniowej do Programu, do kt\u00f3rej nale\u017cy do\u0142\u0105czy\u0107:<\/u><\/strong><\/p>\n\n\n\n<p><strong>\u2013 Kserokopi\u0119 aktualnego orzeczenia o niepe\u0142nosprawno\u015bci\/orzeczenia o znacznym stopniu niepe\u0142nosprawno\u015bci lub orzeczenia r\u00f3wnowa\u017cnego;<\/strong><\/p>\n\n\n\n<p>\u2013 <strong>Klauzul\u0119 informacyjn\u0105 o przetwarzaniu danych osobowych.<\/strong><\/p>\n\n\n\n<p><strong>Wype\u0142nione dokumenty nale\u017cy dostarczy\u0107 <\/strong><em><u>w zamkni\u0119tej kopercie <\/u><\/em><em>z dopiskiem <\/em><em><strong>\u201e<\/strong><\/em><em><strong>Opieka wytchnieniowa<\/strong><\/em><strong>\u201d<\/strong><strong> dla Jednostek Samorz\u0105du Terytorialnego \u2013 edycja 2026 do Sekretariatu O\u015brodka Pomocy Spo\u0142ecznej w Wyszkowie, osobi\u015bcie w godzinach pracy O\u015brodka Pomocy Spo\u0142eczne<\/strong><strong>j, tj. <\/strong><strong>od 8<\/strong><strong><sup>00 <\/sup><\/strong><strong>do 16<\/strong><strong><sup>00<\/sup><\/strong><strong>, b\u0105d\u017a drog\u0105 pocztow\u0105 na adres tutejszego O\u015brodka tj. ul. 3 Maja 16, 07-200 Wyszk\u00f3w.<\/strong><\/p>\n\n\n\n<p><strong>Termin sk\u0142adania wniosk\u00f3w od dnia <\/strong><strong>12<\/strong><strong>.0<\/strong><strong>2<\/strong><strong>.2026 r. do dnia 2<\/strong><strong>0<\/strong><strong>.0<\/strong><strong>2<\/strong><strong>.2026 r.<\/strong><\/p>\n\n\n\n<p><strong>Z\u0142o\u017cenie Karty zg\u0142oszenia do Programu \u201eOpieka Wytchnieniowa\u201d dla&nbsp;Jednostek Samorz\u0105du Terytorialnego \u2013 edycja 202<\/strong><strong>6<\/strong><strong> nie jest r\u00f3wnoznaczne z przyznaniem us\u0142ug opieki wytchnieniowej.<\/strong><\/p>\n\n\n\n<p><strong>G<\/strong><strong>mina przyznaj\u0105c us\u0142ugi opieki wytchnieniowej w pierwszej kolejno\u015bci uwzgl\u0119dni potrzeby:<\/strong><\/p>\n\n\n\n<ol class=\"wp-block-list\">\n<li>Cz\u0142onk\u00f3w rodzin lub opiekun\u00f3w sprawuj\u0105cych bezpo\u015bredni\u0105 opiek\u0119 nad osob\u0105 z niepe\u0142nosprawno\u015bci\u0105, kt\u00f3ra stale przebywa w domu i nie korzysta np .z o\u015brodka wsparcia, z plac\u00f3wki pobytu ca\u0142odobowego, z warsztatu terapii zaj\u0119ciowej, szko\u0142y i plac\u00f3wki, o kt\u00f3rych mowa w ustawie z dnia 7 wrze\u015bnia 1991r. o systemie o\u015bwiaty, nie uczy si\u0119 lub nie studiuje<\/li>\n\n\n\n<li>Nieaktywnych zawodowo cz\u0142onk\u00f3w rodzin lub opiekun\u00f3w sprawuj\u0105cych bezpo\u015bredni\u0105 opiek\u0119 nad osob\u0105 z niepe\u0142nosprawno\u015bci\u0105, kt\u00f3rzy maj\u0105 ograniczone mo\u017cliwo\u015bci podejmowania aktywno\u015bci zawodowej ze wzgl\u0119du na konieczno\u015b\u0107 opiekowania si\u0119 osob\u0105 z niepe\u0142nosprawno\u015bci\u0105.<\/li>\n\n\n\n<li>Gmina, przyznaj\u0105c us\u0142ugi opieki wytchnieniowej bierze pod uwag\u0119 stan zdrowia i sytuacj\u0119 \u017cyciow\u0105 uczestnik\u00f3w Programu oraz os\u00f3b z niepe\u0142nosprawno\u015bciami<\/li>\n<\/ol>\n\n\n\n<p><strong>W przypadku wi\u0119kszej liczby os\u00f3b zainteresowanych zostanie utworzona lista rezerwowa.<\/strong><\/p>\n\n\n\n<p><strong>Szczeg\u00f3\u0142owe informacje na temat w\/w Programu mo\u017cna uzyska\u0107 w <\/strong>O\u015brodku Pomocy Spo\u0142ecznej w Wyszkowie, ul. 3 Maja 16, 07-200 Wyszk\u00f3w lub pod numerem telefonu 29 742 40 97 <strong>w dniach i godzinach pracy O\u015brodka.<\/strong><\/p>\n\n\n\n<p>Wszystko co powiniene\u015b wiedzie\u0107 o Programie <em>Opieka Wytchnieniowa<\/em> dla Jednostek Samorz\u0105du Terytorialnego \u2013 edycja 2026 znajdziesz na stronie:<\/p>\n\n\n\n<p><a href=\"https:\/\/niepelnosprawni.gov.pl\/program-fs\/nabor-wnioskow-w-ramach-resortowego-programu-ministra-rodziny-pracy-i-polityki-spolecznej-opieka-wytchnieniowa-dla-jednostek-samorzadu-terytorialnego-edycja-2026\/\">https:\/\/niepelnosprawni.gov.pl\/program-fs\/nabor-wnioskow-w-ramach-resortowego-programu-ministra-rodziny-pracy-i-polityki-spolecznej-opieka-wytchnieniowa-dla-jednostek-samorzadu-terytorialnego-edycja-2026\/<\/a><\/p>\n\n\n\n<figure class=\"wp-block-image size-large\"><a href=\"https:\/\/ops.wyszkow.pl\/wp-content\/uploads\/2026\/02\/Plakat_OW_2026.jpg\"><img loading=\"lazy\" decoding=\"async\" width=\"721\" height=\"1024\" src=\"https:\/\/ops.wyszkow.pl\/wp-content\/uploads\/2026\/02\/Plakat_OW_2026-721x1024.jpg\" alt=\"Plakat dofinansowano ze \u015brodk\u00f3w Funduszu Solidarno\u015bciowego. &quot;Opieka Wytchnieniowa dla JST - edycja 2026\" class=\"wp-image-9542\" srcset=\"https:\/\/ops.wyszkow.pl\/wp-content\/uploads\/2026\/02\/Plakat_OW_2026-721x1024.jpg 721w, https:\/\/ops.wyszkow.pl\/wp-content\/uploads\/2026\/02\/Plakat_OW_2026-211x300.jpg 211w, https:\/\/ops.wyszkow.pl\/wp-content\/uploads\/2026\/02\/Plakat_OW_2026.jpg 757w\" sizes=\"auto, (max-width: 721px) 100vw, 721px\" \/><\/a><\/figure>\n\n\n\n<h2 class=\"wp-block-heading\">Pliki do pobrania<\/h2>\n\n\n\n<div class=\"wp-block-file\"><a id=\"wp-block-file--media-cdf3d002-98fd-4316-9ca3-b74b7528b7f0\" href=\"https:\/\/ops.wyszkow.pl\/wp-content\/uploads\/2026\/02\/Program.pdf\"><strong>Program (pdf, 209 KB)<\/strong><\/a><\/div>\n\n\n\n<div class=\"wp-block-file\"><a id=\"wp-block-file--media-5414de8a-4e88-4c6a-89a7-3fbf749b6c69\" href=\"https:\/\/ops.wyszkow.pl\/wp-content\/uploads\/2026\/02\/Zalacznik-nr-7-do-Programu-OW-JST-2026_karta-zgloszenia.odt\"><strong>Zalacznik-nr-7-do-Programu-OW-JST-2026_karta zg\u0142oszenia (odt, 34 KB)<\/strong><\/a><\/div>\n\n\n\n<div class=\"wp-block-file\"><a id=\"wp-block-file--media-0a2ed587-bfe4-482e-8298-c9eb9675ab94\" href=\"https:\/\/ops.wyszkow.pl\/wp-content\/uploads\/2026\/02\/Zalacznik-nr-11-do-Programu-OW-JST-2026_klauzula-RODO.odt\"><strong>Zalacznik-nr-11-do-Programu-OW-JST-2026_klauzula RODO (odt, 46 KB)<\/strong><\/a><\/div>\n\n\n\n<div class=\"wp-block-file\"><a id=\"wp-block-file--media-e690e46f-ce36-49a7-a679-f6a1632420bd\" href=\"https:\/\/ops.wyszkow.pl\/wp-content\/uploads\/2026\/02\/Klauzula-Informacyjna-RODO-Osrodka-Pomocy-Spolecznej-w-Wyszkowie.odt\"><strong>Klauzula Informacyjna RODO O\u015brodka Pomocy Spo\u0142ecznej w Wyszkowie (odt, 48 KB)<\/strong><\/a><\/div>\n\n\n\n<h2 class=\"wp-block-heading\">Nab\u00f3r wniosk\u00f3w w ramach resortowego programu Ministra Rodziny, Pracy i Polityki Spo\u0142ecznej \u201dOpieka wytchnieniowa\u201d dla Jednostek Samorz\u0105du Terytorialnego &#8211; edycja 2026<\/h2>\n\n\n\n<p>W dniu 10.10.2025 r. Minister Rodziny, Pracy i Polityki Spo\u0142eczne og\u0142osi\u0142 nab\u00f3r wniosk\u00f3w<br>w ramach resortowego programu Ministra Rodziny, Pracy i Polityki Spo\u0142ecznej \u201eOpieka wytchnieniowa\u201d dla Jednostek Samorz\u0105du Terytorialnego &#8211; edycja 2026.<\/p>\n\n\n\n<p>G\u0142\u00f3wnym celem Programu jest wsparcie cz\u0142onk\u00f3w rodzin lub opiekun\u00f3w sprawuj\u0105cych bezpo\u015bredni\u0105 opiek\u0119 nad:<\/p>\n\n\n\n<ul class=\"wp-block-list\">\n<li>1)&nbsp;&nbsp;dzie\u0107mi od uko\u0144czenia 2. roku \u017cycia do uko\u0144czenia 16. roku \u017cycia posiadaj\u0105cymi orzeczenie o niepe\u0142nosprawno\u015bci lub<\/li>\n\n\n\n<li>2)&nbsp;&nbsp;osobami niepe\u0142nosprawnymi posiadaj\u0105cymi:<br>orzeczenie o znacznym stopniu niepe\u0142nosprawno\u015bci albo orzeczenie traktowane na r\u00f3wni z orzeczeniem wymienionym w lit. a, zgodnie z art. 5 i art. 62 ustawy z dnia 27 sierpnia 1997 r. o rehabilitacji zawodowej i spo\u0142ecznej oraz zatrudnianiu os\u00f3b niepe\u0142nosprawnych (Dz. U. z 2025 r. poz. 913)<\/li>\n<\/ul>\n\n\n\n<p>\u2013 poprzez umo\u017cliwienie uzyskania dora\u017anej, czasowej pomocy w formie us\u0142ugi opieki wytchnieniowej, tj. odci\u0105\u017cenie od codziennych obowi\u0105zk\u00f3w \u0142\u0105cz\u0105cych si\u0119 ze sprawowaniem opieki nad osob\u0105 z niepe\u0142nosprawno\u015bci\u0105 przez zapewnienie czasowego zast\u0119pstwa w tym zakresie. Dzi\u0119ki temu wsparciu, osoby zaanga\u017cowane na co dzie\u0144 w sprawowanie opieki nad osob\u0105 z niepe\u0142nosprawno\u015bci\u0105 dysponowa\u0107 b\u0119d\u0105 czasem, kt\u00f3ry mog\u0105 przeznaczy\u0107 na odpoczynek i regeneracj\u0119, jak r\u00f3wnie\u017c na za\u0142atwienie niezb\u0119dnych spraw \u017cyciowych. Us\u0142ugi opieki wytchnieniowej mog\u0105 s\u0142u\u017cy\u0107 r\u00f3wnie\u017c okresowemu zabezpieczeniu potrzeb osoby z niepe\u0142nosprawno\u015bci\u0105 w sytuacji, gdy cz\u0142onkowie rodzin lub opiekunowie z r\u00f3\u017cnych powod\u00f3w nie b\u0119d\u0105 mogli wykonywa\u0107 swoich obowi\u0105zk\u00f3w.<\/p>\n\n\n\n<p><strong>Na realizacj\u0119 Programu Minister Rodziny, Pracy i Polityki Spo\u0142ecznej przeznaczy\u0142 kwot\u0119 205 166 000,00 z\u0142.<\/strong><\/p>\n\n\n\n<p>Poni\u017cej terminy naboru wniosk\u00f3w w ramach Programu:<\/p>\n\n\n\n<p>Gmina\/powiat sk\u0142ada wniosek (za\u0142\u0105cznik nr 1 do Programu) do w\u0142a\u015bciwego wojewody za po\u015brednictwem Generatora Funduszu Solidarno\u015bciowego dost\u0119pnego na stronie internetowej <a href=\"https:\/\/bfs.mrips.gov.pl\/\"><u>https:\/\/bfs.mrips.gov.pl<\/u><\/a>, w terminie od dnia<strong> 10 pa\u017adziernika 2025 r. <\/strong>do dnia<strong> 3 listopada 2025 r<\/strong>.<\/p>\n\n\n\n<p>Wojewoda, po weryfikacji wniosk\u00f3w z\u0142o\u017conych przez gminy\/powiaty, sporz\u0105dza list\u0119 rekomendowanych wniosk\u00f3w do finansowania w ramach Programu (za\u0142\u0105cznik nr 3 do Programu) i przekazuje j\u0105 do Ministra wraz z informacj\u0105 wojewody dotycz\u0105c\u0105 \u015brodk\u00f3w finansowych z Programu \u201eOpieka wytchnieniowa\u201d dla Jednostek Samorz\u0105du Terytorialnego &#8211; edycja 2026 (za\u0142\u0105cznik nr 2 do Programu), w terminie do dnia<strong> 26 listopada 2025 r<\/strong>.<\/p>\n\n\n\n<p><strong>Tre\u015b\u0107 Og\u0142oszenia o naborze oraz Programu wraz z za\u0142\u0105cznikami dost\u0119pna jest na stronie Pe\u0142nomocnika Rz\u0105du ds. Os\u00f3b Niepe\u0142nosprawnych pod adresem:<\/strong><\/p>\n\n\n\n<p><a href=\"https:\/\/www.gov.pl\/web\/rodzina\/nabor-wnioskow-w-ramach-resortowego-programu-ministra-rodziny-pracy-i-polityki-spolecznej-opieka-wytchnieniowa-dla-jednostek-samorzadu-terytorialnego--edycja-2026\">https:\/\/www.gov.pl\/web\/rodzina\/nabor-wnioskow-w-ramach-resortowego-programu-ministra-rodziny-pracy-i-polityki-spolecznej-opieka-wytchnieniowa-dla-jednostek-samorzadu-terytorialnego&#8211;edycja-2026<\/a><\/p>\n\n\n\n<p><\/p>\n","protected":false},"excerpt":{"rendered":"<p>Nab\u00f3r uczestnik\u00f3w do Programu \u201eOpieka wytchnieniowa\u201d dla Jednostek Samorz\u0105du Terytorialnego- edycja 2026 Gmina Wyszk\u00f3w\/ O\u015brodek Pomocy Spo\u0142ecznej w Wyszkowie po raz czwarty przyst\u0105pi do realizacji resortowego Programu Ministra Rodziny, Pracy i Polityki Spo\u0142ecznej finansowanego ze \u015brodk\u00f3w Funduszu Solidarno\u015bciowego Program \u201eOpieka Wytchnieniowa\u201d dla Jednostek Samorz\u0105du Terytorialnego \u2013 edycja 2026. Na realizacj\u0119 zadania pozyskano \u015brodki w kwocie &hellip; <a href=\"https:\/\/ops.wyszkow.pl\/?page_id=9535\" class=\"more-link\">Continue reading <span class=\"screen-reader-text\">Program \u201cOpieka wytchnieniowa\u201d dla Jednostek Samorz\u0105du Terytorialnego \u2013 edycja 2026<\/span> <span class=\"meta-nav\">&rarr;<\/span><\/a><\/p>\n","protected":false},"author":1,"featured_media":0,"parent":0,"menu_order":0,"comment_status":"closed","ping_status":"closed","template":"","meta":{"ngg_post_thumbnail":0,"footnotes":""},"class_list":["post-9535","page","type-page","status-publish","hentry"],"_links":{"self":[{"href":"https:\/\/ops.wyszkow.pl\/index.php?rest_route=\/wp\/v2\/pages\/9535","targetHints":{"allow":["GET"]}}],"collection":[{"href":"https:\/\/ops.wyszkow.pl\/index.php?rest_route=\/wp\/v2\/pages"}],"about":[{"href":"https:\/\/ops.wyszkow.pl\/index.php?rest_route=\/wp\/v2\/types\/page"}],"author":[{"embeddable":true,"href":"https:\/\/ops.wyszkow.pl\/index.php?rest_route=\/wp\/v2\/users\/1"}],"replies":[{"embeddable":true,"href":"https:\/\/ops.wyszkow.pl\/index.php?rest_route=%2Fwp%2Fv2%2Fcomments&post=9535"}],"version-history":[{"count":8,"href":"https:\/\/ops.wyszkow.pl\/index.php?rest_route=\/wp\/v2\/pages\/9535\/revisions"}],"predecessor-version":[{"id":9552,"href":"https:\/\/ops.wyszkow.pl\/index.php?rest_route=\/wp\/v2\/pages\/9535\/revisions\/9552"}],"wp:attachment":[{"href":"https:\/\/ops.wyszkow.pl\/index.php?rest_route=%2Fwp%2Fv2%2Fmedia&parent=9535"}],"curies":[{"name":"wp","href":"https:\/\/api.w.org\/{rel}","templated":true}]}}