{"id":9633,"date":"2026-03-31T09:25:16","date_gmt":"2026-03-31T08:25:16","guid":{"rendered":"https:\/\/ops.wyszkow.pl\/?page_id=9633"},"modified":"2026-03-31T11:05:26","modified_gmt":"2026-03-31T10:05:26","slug":"posilek-w-szkole-i-w-domu","status":"publish","type":"page","link":"https:\/\/ops.wyszkow.pl\/?page_id=9633","title":{"rendered":"Program &#8211; Posi\u0142ek w szkole i domu &#8211; 2026"},"content":{"rendered":"\n<p>\u201ePOSI\u0141EK W SZKOLE I W DOMU\u201d &#8211; na lata 2024-2028<br>w ramach modu\u0142u 1 \u201eModu\u0142 dla dzieci i m\u0142odzie\u017cy\u201d<br>oraz modu\u0142u 2 \u201eModu\u0142 dla os\u00f3b doros\u0142ych\u201d<\/p>\n\n\n\n<figure class=\"wp-block-image size-full\"><a href=\"http:\/\/ops.wyszkow.pl\/wp-content\/uploads\/2026\/03\/plakat_posilek_w_szkole_i_w_domu_2026.jpg\"><img loading=\"lazy\" decoding=\"async\" width=\"667\" height=\"957\" src=\"http:\/\/ops.wyszkow.pl\/wp-content\/uploads\/2026\/03\/plakat_posilek_w_szkole_i_w_domu_2026.jpg\" alt=\"DOFINANSOWANE ZE \u015aRODK\u00d3W BUD\u017bETU PA\u0143STWA\n\nWsparcie w realizacji zadania w\u0142asnego o charakterze obowi\u0105zkowym realizowanego w ramach wieloletniego rz\u0105dowego programu\n\n\u201ePOSI\u0141EK W SZKOLE I W DOMU\u201d - na lata 2024-2028\nw ramach modu\u0142u 1 \u201eModu\u0142 dla dzieci i m\u0142odzie\u017cy\u201d\noraz modu\u0142u 2 \u201eModu\u0142 dla os\u00f3b doros\u0142ych\u201d\n\nDOFINANSOWANIE\n\n213 292,00 z\u0142\n\nCA\u0141KOWITA WARTO\u015a\u0106\n\n266 615,00 z\u0142\n\nDATA PODPISANIA UMOWY\n\nmarzec 2026 r.\" class=\"wp-image-9631\" srcset=\"https:\/\/ops.wyszkow.pl\/wp-content\/uploads\/2026\/03\/plakat_posilek_w_szkole_i_w_domu_2026.jpg 667w, https:\/\/ops.wyszkow.pl\/wp-content\/uploads\/2026\/03\/plakat_posilek_w_szkole_i_w_domu_2026-209x300.jpg 209w\" sizes=\"auto, (max-width: 667px) 100vw, 667px\" \/><\/a><\/figure>\n\n\n\n<p>W dniu 24 marca 2026 r. Burmistrz Gminy Wyszk\u00f3w, Piotr Wojciech P\u0142ochocki podpisa\u0142 umow\u0119 o wsparcie realizacji zadania w\u0142asnego o charakterze obowi\u0105zkowym, realizowanego w ramach wieloletniego rz\u0105dowego programu<strong>\u201ePosi\u0142ek w szkole i w domu\u201d na lata 2024 \u2013 2028.<\/strong>&nbsp;<br>Realizatorem programu na terenie Gminy Wyszk\u00f3w jest O\u015brodek Pomocy Spo\u0142ecznej w Wyszkowie.<\/p>\n\n\n\n<p>Warto\u015b\u0107 otrzymanego dofinansowania z bud\u017cetu Pa\u0144stwa wynosi&nbsp;&nbsp;<strong>213.292,00<\/strong><strong> <\/strong>z\u0142 &nbsp;co stanowi 80 % ca\u0142kowitego kosztu realizacji zadania. Wk\u0142ad w\u0142asny Gminy Wyszk\u00f3w stanowi 20%.<br>\u0141\u0105czny koszt realizacji zadania wynosi 266.615,00 z\u0142 w ramach modu\u0142u 1 \u201eModu\u0142 dla dzieci i m\u0142odzie\u017cy\u201d oraz modu\u0142u 2 \u201eModu\u0142 dla os\u00f3b doros\u0142ych\u201d<\/p>\n\n\n\n<p>Celem Programu&nbsp; jest zapewnienie pomocy w formie posi\u0142ku, \u015bwiadczenia rzeczowego w postaci produkt\u00f3w \u017cywno\u015bciowych lub \u015bwiadczenia pieni\u0119\u017cnego na zakup posi\u0142ku lub \u017cywno\u015bci wszystkim osobom jej potrzebuj\u0105cym w szczeg\u00f3lno\u015bci:<\/p>\n\n\n\n<ul class=\"wp-block-list\">\n<li>dzieciom do czasu podj\u0119cia nauki w szkole podstawowej,<\/li>\n\n\n\n<li>dzieciom do czasu uko\u0144czenia szko\u0142y ponadpodstawowej lub szko\u0142y ponadgimnazjalnej,<\/li>\n\n\n\n<li>osobom i rodzinom znajduj\u0105cym si\u0119 w sytuacjach wymienionych w art. 7 ustawy o pomocy spo\u0142ecznej, w szczeg\u00f3lno\u015bci osobom starszym, chorym i niepe\u0142nosprawnym<\/li>\n<\/ul>\n\n\n\n<p>Z programu mog\u0105 skorzysta\u0107 osoby b\u0105d\u017a rodziny, kt\u00f3rych doch\u00f3d nie przekracza kwoty 200% kryterium dochodowego, o kt\u00f3rym mowa w art. 8 ust. 1 pkt 1 lub 2 ustawy o pomocy spo\u0142ecznej, tj. kwoty: 2 020,00 z\u0142 dla osoby samotnie gospodaruj\u0105cej; 1 646,00 z\u0142 dla osoby w rodzinie.<\/p>\n\n\n\n<p><br><br>Celem programu jest ograniczenie zjawiska niedo\u017cywienia oraz&nbsp;wsparcie os\u00f3b najbardziej potrzebuj\u0105cych.&nbsp;W 2025 roku z programu skorzysta\u0142o 485 os\u00f3b z terenu Gminy&nbsp;Wyszk\u00f3w.<\/p>\n","protected":false},"excerpt":{"rendered":"<p>\u201ePOSI\u0141EK W SZKOLE I W DOMU\u201d &#8211; na lata 2024-2028w ramach modu\u0142u 1 \u201eModu\u0142 dla dzieci i m\u0142odzie\u017cy\u201doraz modu\u0142u 2 \u201eModu\u0142 dla os\u00f3b doros\u0142ych\u201d W dniu 24 marca 2026 r. Burmistrz Gminy Wyszk\u00f3w, Piotr Wojciech P\u0142ochocki podpisa\u0142 umow\u0119 o wsparcie realizacji zadania w\u0142asnego o charakterze obowi\u0105zkowym, realizowanego w ramach wieloletniego rz\u0105dowego programu\u201ePosi\u0142ek w szkole i &hellip; <a href=\"https:\/\/ops.wyszkow.pl\/?page_id=9633\" class=\"more-link\">Continue reading <span class=\"screen-reader-text\">Program &#8211; Posi\u0142ek w szkole i domu &#8211; 2026<\/span> <span class=\"meta-nav\">&rarr;<\/span><\/a><\/p>\n","protected":false},"author":1,"featured_media":0,"parent":0,"menu_order":0,"comment_status":"closed","ping_status":"closed","template":"","meta":{"ngg_post_thumbnail":0,"footnotes":""},"class_list":["post-9633","page","type-page","status-publish","hentry"],"_links":{"self":[{"href":"https:\/\/ops.wyszkow.pl\/index.php?rest_route=\/wp\/v2\/pages\/9633","targetHints":{"allow":["GET"]}}],"collection":[{"href":"https:\/\/ops.wyszkow.pl\/index.php?rest_route=\/wp\/v2\/pages"}],"about":[{"href":"https:\/\/ops.wyszkow.pl\/index.php?rest_route=\/wp\/v2\/types\/page"}],"author":[{"embeddable":true,"href":"https:\/\/ops.wyszkow.pl\/index.php?rest_route=\/wp\/v2\/users\/1"}],"replies":[{"embeddable":true,"href":"https:\/\/ops.wyszkow.pl\/index.php?rest_route=%2Fwp%2Fv2%2Fcomments&post=9633"}],"version-history":[{"count":4,"href":"https:\/\/ops.wyszkow.pl\/index.php?rest_route=\/wp\/v2\/pages\/9633\/revisions"}],"predecessor-version":[{"id":9642,"href":"https:\/\/ops.wyszkow.pl\/index.php?rest_route=\/wp\/v2\/pages\/9633\/revisions\/9642"}],"wp:attachment":[{"href":"https:\/\/ops.wyszkow.pl\/index.php?rest_route=%2Fwp%2Fv2%2Fmedia&parent=9633"}],"curies":[{"name":"wp","href":"https:\/\/api.w.org\/{rel}","templated":true}]}}